{"id":632203,"date":"2022-09-26T09:45:45","date_gmt":"2022-09-26T06:45:45","guid":{"rendered":"http:\/\/games.tactic.net\/tuote\/crime-scene-palermo-1985\/"},"modified":"2023-10-25T14:31:15","modified_gmt":"2023-10-25T11:31:15","slug":"crime-scene-palermo-1985","status":"publish","type":"product","link":"https:\/\/games.tactic.net\/da\/tuote\/crime-scene-palermo-1985\/","title":{"rendered":"Gamestorm Crime Scene Palermo 1985"},"content":{"rendered":"<p>Velkommen til Palermo, hjemstedet for Cosa Nostra. Her kan menneskeliv have ringe v\u00e6rdi, men denne forbrydelse chokerer alle. Hvem myrdede den store Don? Studer sporene og l\u00f8s g\u00e5derne for at finde den skyldige. Crime Scene er et helt nyt koncept, der kombinerer et detaljeret gerningsstedsbillede, fascinerende g\u00e5der og en krimi skrevet af forfatteren Arttu Tuominen.<\/p>\n","protected":false},"excerpt":{"rendered":"<p>Velkommen til Palermo, hjemstedet for Cosa Nostra. Her kan menneskeliv have ringe v\u00e6rdi, men denne forbrydelse chokerer alle. Hvem myrdede den store Don? Studer sporene og l\u00f8s g\u00e5derne for at finde den skyldige. Crime Scene er et helt nyt koncept, der kombinerer et detaljeret gerningsstedsbillede, fascinerende g\u00e5der og en krimi skrevet af forfatteren Arttu Tuominen.<\/p>\n","protected":false},"featured_media":0,"template":"","meta":{"content-type":"","_monsterinsights_skip_tracking":false,"_monsterinsights_sitenote_active":false,"_monsterinsights_sitenote_note":"","_monsterinsights_sitenote_category":0},"product_brand":[],"product_cat":[1632],"product_tag":[1232,1266,994],"brand":[{"id":885,"name":"Gamestorm Studio","slug":"gamestormstudio-da"}],"target-group":[],"discontinued":[],"class_list":{"0":"post-632203","1":"product","2":"type-product","3":"status-publish","5":"product_cat-18-voksenspil","6":"product_tag-kombinere-da","7":"product_tag-problemlosning-da","8":"product_tag-sammen","9":"brand-gamestormstudio-da","11":"first","12":"instock","13":"taxable","14":"shipping-taxable","15":"product-type-simple"},"aioseo_notices":[],"_links":{"self":[{"href":"https:\/\/games.tactic.net\/da\/wp-json\/wp\/v2\/product\/632203","targetHints":{"allow":["GET"]}}],"collection":[{"href":"https:\/\/games.tactic.net\/da\/wp-json\/wp\/v2\/product"}],"about":[{"href":"https:\/\/games.tactic.net\/da\/wp-json\/wp\/v2\/types\/product"}],"wp:attachment":[{"href":"https:\/\/games.tactic.net\/da\/wp-json\/wp\/v2\/media?parent=632203"}],"wp:term":[{"taxonomy":"product_brand","embeddable":true,"href":"https:\/\/games.tactic.net\/da\/wp-json\/wp\/v2\/product_brand?post=632203"},{"taxonomy":"product_cat","embeddable":true,"href":"https:\/\/games.tactic.net\/da\/wp-json\/wp\/v2\/product_cat?post=632203"},{"taxonomy":"product_tag","embeddable":true,"href":"https:\/\/games.tactic.net\/da\/wp-json\/wp\/v2\/product_tag?post=632203"},{"taxonomy":"brand","embeddable":true,"href":"https:\/\/games.tactic.net\/da\/wp-json\/wp\/v2\/brand?post=632203"},{"taxonomy":"target-group","embeddable":true,"href":"https:\/\/games.tactic.net\/da\/wp-json\/wp\/v2\/target-group?post=632203"},{"taxonomy":"discontinued","embeddable":true,"href":"https:\/\/games.tactic.net\/da\/wp-json\/wp\/v2\/discontinued?post=632203"}],"curies":[{"name":"wp","href":"https:\/\/api.w.org\/{rel}","templated":true}]}}