{"id":625845,"date":"2022-09-13T13:38:18","date_gmt":"2022-09-13T10:38:18","guid":{"rendered":"http:\/\/games.tactic.net\/tuote\/alias-legends\/"},"modified":"2023-10-25T16:49:07","modified_gmt":"2023-10-25T13:49:07","slug":"alias-legends","status":"publish","type":"product","link":"https:\/\/games.tactic.net\/da\/tuote\/alias-legends\/","title":{"rendered":"Tactic Alias Legender"},"content":{"rendered":"<p>Kender du disse legender? Forklar ord, der beskriver eller relaterer til forskellige legendariske karakterer, og pr\u00f8v at samle s\u00e5 mange som muligt af dem i dit eget galleri. Hvert kort har en liste over ord, der beskriver eller relaterer til karakteren, s\u00e5 du m\u00e5ske endda l\u00e6rer noget nyt.<\/p>\n","protected":false},"excerpt":{"rendered":"<p>Kender du disse legender? Forklar ord, der beskriver eller relaterer til forskellige legendariske karakterer, og pr\u00f8v at samle s\u00e5 mange som muligt af dem i dit eget galleri. Hvert kort har en liste over ord, der beskriver eller relaterer til karakteren, s\u00e5 du m\u00e5ske endda l\u00e6rer noget nyt.<\/p>\n","protected":false},"featured_media":0,"template":"","meta":{"content-type":"","_monsterinsights_skip_tracking":false,"_monsterinsights_sitenote_active":false,"_monsterinsights_sitenote_note":"","_monsterinsights_sitenote_category":0},"product_brand":[],"product_cat":[1455],"product_tag":[1204],"brand":[{"id":647,"name":"Alias","slug":"alias_dk"}],"target-group":[],"discontinued":[],"class_list":{"0":"post-625845","1":"product","2":"type-product","3":"status-publish","5":"product_cat-braetspil","6":"product_tag-ordforklaring-2","7":"brand-alias_dk","9":"first","10":"instock","11":"taxable","12":"shipping-taxable","13":"product-type-simple"},"aioseo_notices":[],"_links":{"self":[{"href":"https:\/\/games.tactic.net\/da\/wp-json\/wp\/v2\/product\/625845","targetHints":{"allow":["GET"]}}],"collection":[{"href":"https:\/\/games.tactic.net\/da\/wp-json\/wp\/v2\/product"}],"about":[{"href":"https:\/\/games.tactic.net\/da\/wp-json\/wp\/v2\/types\/product"}],"wp:attachment":[{"href":"https:\/\/games.tactic.net\/da\/wp-json\/wp\/v2\/media?parent=625845"}],"wp:term":[{"taxonomy":"product_brand","embeddable":true,"href":"https:\/\/games.tactic.net\/da\/wp-json\/wp\/v2\/product_brand?post=625845"},{"taxonomy":"product_cat","embeddable":true,"href":"https:\/\/games.tactic.net\/da\/wp-json\/wp\/v2\/product_cat?post=625845"},{"taxonomy":"product_tag","embeddable":true,"href":"https:\/\/games.tactic.net\/da\/wp-json\/wp\/v2\/product_tag?post=625845"},{"taxonomy":"brand","embeddable":true,"href":"https:\/\/games.tactic.net\/da\/wp-json\/wp\/v2\/brand?post=625845"},{"taxonomy":"target-group","embeddable":true,"href":"https:\/\/games.tactic.net\/da\/wp-json\/wp\/v2\/target-group?post=625845"},{"taxonomy":"discontinued","embeddable":true,"href":"https:\/\/games.tactic.net\/da\/wp-json\/wp\/v2\/discontinued?post=625845"}],"curies":[{"name":"wp","href":"https:\/\/api.w.org\/{rel}","templated":true}]}}