{"id":625729,"date":"2022-09-13T12:57:30","date_gmt":"2022-09-13T09:57:30","guid":{"rendered":"http:\/\/games.tactic.net\/tuote\/escaperun-alcatraz-2034\/"},"modified":"2024-09-26T10:45:43","modified_gmt":"2024-09-26T07:45:43","slug":"escaperun-alcatraz-2034","status":"publish","type":"product","link":"https:\/\/games.tactic.net\/da\/tuote\/escaperun-alcatraz-2034\/","title":{"rendered":"Gamestorm EscapeRun Alcatraz 2034"},"content":{"rendered":"<p>Tr\u00e6d ind p\u00e5 Alcatraz &#8211; men kan du klare det? Du er en del af en gruppe, der er inviteret til at se det verdens f\u00f8rste topmoderne f\u00e6ngsel med vagtrobotter, men noget g\u00e5r galt &#8211; og du bliver taget til fange. Find en flugtvej v\u00e6k fra f\u00e6ngsels\u00f8en, mens du undviger vagtrobotterne, der uden t\u00f8ven vil sl\u00e5 dig ihjel. Hvert spil har unikke karakterer. Eskalerende gameplay. Mange taktiske og strategiske valg.<\/p>\n<p><img decoding=\"async\" src=\"https:\\\\\\\\games.tactic.net\\\\pic\\\\logo\\\\Awarded_concept.png\"><img decoding=\"async\" src=\"https:\\\\\\\\games.tactic.net\\\\pic\\\\logo\\\\Toy-Fair-Hero-Logo-2022.png\"><\/p>\n","protected":false},"excerpt":{"rendered":"<p>Tr\u00e6d ind p\u00e5 Alcatraz &#8211; men kan du klare det? Du er en del af en gruppe, der er inviteret til at se det verdens f\u00f8rste topmoderne f\u00e6ngsel med vagtrobotter, men noget g\u00e5r galt &#8211; og du bliver taget til fange. Find en flugtvej v\u00e6k fra f\u00e6ngsels\u00f8en, mens du undviger vagtrobotterne, der uden t\u00f8ven vil [&hellip;]<\/p>\n","protected":false},"featured_media":0,"template":"","meta":{"content-type":"","_monsterinsights_skip_tracking":false,"_monsterinsights_sitenote_active":false,"_monsterinsights_sitenote_note":"","_monsterinsights_sitenote_category":0},"product_brand":[],"product_cat":[1600,1620],"product_tag":[1237,895],"brand":[{"id":885,"name":"Gamestorm Studio","slug":"gamestormstudio-da"}],"target-group":[],"discontinued":[],"class_list":{"0":"post-625729","1":"product","2":"type-product","3":"status-publish","5":"product_cat-strategiske-spil-voksenspil","6":"product_cat-strategiske-spil-familiespil","7":"product_tag-strategi-da","8":"product_tag-taktik","9":"brand-gamestormstudio-da","11":"first","12":"instock","13":"taxable","14":"shipping-taxable","15":"product-type-simple"},"aioseo_notices":[],"_links":{"self":[{"href":"https:\/\/games.tactic.net\/da\/wp-json\/wp\/v2\/product\/625729","targetHints":{"allow":["GET"]}}],"collection":[{"href":"https:\/\/games.tactic.net\/da\/wp-json\/wp\/v2\/product"}],"about":[{"href":"https:\/\/games.tactic.net\/da\/wp-json\/wp\/v2\/types\/product"}],"wp:attachment":[{"href":"https:\/\/games.tactic.net\/da\/wp-json\/wp\/v2\/media?parent=625729"}],"wp:term":[{"taxonomy":"product_brand","embeddable":true,"href":"https:\/\/games.tactic.net\/da\/wp-json\/wp\/v2\/product_brand?post=625729"},{"taxonomy":"product_cat","embeddable":true,"href":"https:\/\/games.tactic.net\/da\/wp-json\/wp\/v2\/product_cat?post=625729"},{"taxonomy":"product_tag","embeddable":true,"href":"https:\/\/games.tactic.net\/da\/wp-json\/wp\/v2\/product_tag?post=625729"},{"taxonomy":"brand","embeddable":true,"href":"https:\/\/games.tactic.net\/da\/wp-json\/wp\/v2\/brand?post=625729"},{"taxonomy":"target-group","embeddable":true,"href":"https:\/\/games.tactic.net\/da\/wp-json\/wp\/v2\/target-group?post=625729"},{"taxonomy":"discontinued","embeddable":true,"href":"https:\/\/games.tactic.net\/da\/wp-json\/wp\/v2\/discontinued?post=625729"}],"curies":[{"name":"wp","href":"https:\/\/api.w.org\/{rel}","templated":true}]}}