{"id":621386,"date":"2022-08-16T13:09:46","date_gmt":"2022-08-16T10:09:46","guid":{"rendered":"http:\/\/games.tactic.net\/tuote\/den-magiske-skov\/"},"modified":"2023-10-25T13:25:30","modified_gmt":"2023-10-25T10:25:30","slug":"den-magiske-skov","status":"publish","type":"product","link":"https:\/\/games.tactic.net\/da\/tuote\/den-magiske-skov\/","title":{"rendered":"Tactic Den magiske skov"},"content":{"rendered":"<p>Den magiske skov har brug for dig. De fr\u00e6kke trolde har blandet krystallerne, der beskytter den magiske skov. Du og de andre spillere skal hente krystallerne hjem i de rigtige farver. V\u00e6r forsigtig &#8211; troldene vil fors\u00f8ge at komme i vejen for dig, s\u00e5 v\u00e6lg din rute med omhu. Spilleren, som f\u00f8rst slipper af med alle sine brikker, vinder spillet. Fra 5 \u00e5r.<\/p>\n<p><img decoding=\"async\" src=\"https:\\\\\\\\games.tactic.net\\\\pic\\\\logo\\\\DK_2022_Legebranchen_Aarets_Boernespil.png\"><img decoding=\"async\" src=\"https:\\\\\\\\games.tactic.net\\\\pic\\\\logo\\\\DK_2022_Guldbrikken_Aarets_Boernespil_nomineret.png\"><img decoding=\"async\" src=\"https:\\\\\\\\games.tactic.net\\\\pic\\\\logo\\\\FI_2022_Vuoden_Peli_Lastenpelit_finalisti.png\"><\/p>\n","protected":false},"excerpt":{"rendered":"<p>Den magiske skov har brug for dig. De fr\u00e6kke trolde har blandet krystallerne, der beskytter den magiske skov. Du og de andre spillere skal hente krystallerne hjem i de rigtige farver. V\u00e6r forsigtig &#8211; troldene vil fors\u00f8ge at komme i vejen for dig, s\u00e5 v\u00e6lg din rute med omhu. Spilleren, som f\u00f8rst slipper af med [&hellip;]<\/p>\n","protected":false},"featured_media":0,"template":"","meta":{"content-type":"","_monsterinsights_skip_tracking":false,"_monsterinsights_sitenote_active":false,"_monsterinsights_sitenote_note":"","_monsterinsights_sitenote_category":0},"product_brand":[],"product_cat":[1574],"product_tag":[1229,1232],"brand":[],"target-group":[],"discontinued":[],"class_list":{"0":"post-621386","1":"product","2":"type-product","3":"status-publish","5":"product_cat-boerne-braetspil","6":"product_tag-hastighed-da","7":"product_tag-kombinere-da","9":"first","10":"instock","11":"taxable","12":"shipping-taxable","13":"product-type-simple"},"aioseo_notices":[],"_links":{"self":[{"href":"https:\/\/games.tactic.net\/da\/wp-json\/wp\/v2\/product\/621386","targetHints":{"allow":["GET"]}}],"collection":[{"href":"https:\/\/games.tactic.net\/da\/wp-json\/wp\/v2\/product"}],"about":[{"href":"https:\/\/games.tactic.net\/da\/wp-json\/wp\/v2\/types\/product"}],"wp:attachment":[{"href":"https:\/\/games.tactic.net\/da\/wp-json\/wp\/v2\/media?parent=621386"}],"wp:term":[{"taxonomy":"product_brand","embeddable":true,"href":"https:\/\/games.tactic.net\/da\/wp-json\/wp\/v2\/product_brand?post=621386"},{"taxonomy":"product_cat","embeddable":true,"href":"https:\/\/games.tactic.net\/da\/wp-json\/wp\/v2\/product_cat?post=621386"},{"taxonomy":"product_tag","embeddable":true,"href":"https:\/\/games.tactic.net\/da\/wp-json\/wp\/v2\/product_tag?post=621386"},{"taxonomy":"brand","embeddable":true,"href":"https:\/\/games.tactic.net\/da\/wp-json\/wp\/v2\/brand?post=621386"},{"taxonomy":"target-group","embeddable":true,"href":"https:\/\/games.tactic.net\/da\/wp-json\/wp\/v2\/target-group?post=621386"},{"taxonomy":"discontinued","embeddable":true,"href":"https:\/\/games.tactic.net\/da\/wp-json\/wp\/v2\/discontinued?post=621386"}],"curies":[{"name":"wp","href":"https:\/\/api.w.org\/{rel}","templated":true}]}}