{"id":616490,"date":"2022-07-27T10:06:27","date_gmt":"2022-07-27T07:06:27","guid":{"rendered":"http:\/\/games.tactic.net\/tuote\/lumo-stars-kawaii-jade\/"},"modified":"2024-08-12T12:37:40","modified_gmt":"2024-08-12T09:37:40","slug":"lumo-stars-kawaii-jade","status":"archive","type":"product","link":"https:\/\/games.tactic.net\/da\/tuote\/lumo-stars-kawaii-jade\/","title":{"rendered":"Lumo Stars Kawaii J\u00e4de plush"},"content":{"rendered":"<p>Den seje J\u00e4de-plys vil f\u00e5 alle til at smile. Denne nuttede fyr er perfekt til leg og vil ogs\u00e5 pynte p\u00e5 b\u00f8rnev\u00e6relset.<\/p>\n","protected":false},"excerpt":{"rendered":"<p>Den seje J\u00e4de-plys vil f\u00e5 alle til at smile. Denne nuttede fyr er perfekt til leg og vil ogs\u00e5 pynte p\u00e5 b\u00f8rnev\u00e6relset.<\/p>\n","protected":false},"featured_media":0,"template":"","meta":{"content-type":"","_monsterinsights_skip_tracking":false,"_monsterinsights_sitenote_active":false,"_monsterinsights_sitenote_note":"","_monsterinsights_sitenote_category":0},"product_brand":[],"product_cat":[1638],"product_tag":[1262],"brand":[{"id":1020,"name":"Lumo Stars","slug":"lumo-stars_dk"}],"target-group":[],"discontinued":[],"class_list":{"0":"post-616490","1":"product","2":"type-product","3":"status-archive","5":"product_cat-andet-lumo-stars-6","6":"product_tag-lumo-stars-da","7":"brand-lumo-stars_dk","9":"first","10":"outofstock","11":"taxable","12":"shipping-taxable","13":"product-type-simple"},"aioseo_notices":[],"_links":{"self":[{"href":"https:\/\/games.tactic.net\/da\/wp-json\/wp\/v2\/product\/616490","targetHints":{"allow":["GET"]}}],"collection":[{"href":"https:\/\/games.tactic.net\/da\/wp-json\/wp\/v2\/product"}],"about":[{"href":"https:\/\/games.tactic.net\/da\/wp-json\/wp\/v2\/types\/product"}],"wp:attachment":[{"href":"https:\/\/games.tactic.net\/da\/wp-json\/wp\/v2\/media?parent=616490"}],"wp:term":[{"taxonomy":"product_brand","embeddable":true,"href":"https:\/\/games.tactic.net\/da\/wp-json\/wp\/v2\/product_brand?post=616490"},{"taxonomy":"product_cat","embeddable":true,"href":"https:\/\/games.tactic.net\/da\/wp-json\/wp\/v2\/product_cat?post=616490"},{"taxonomy":"product_tag","embeddable":true,"href":"https:\/\/games.tactic.net\/da\/wp-json\/wp\/v2\/product_tag?post=616490"},{"taxonomy":"brand","embeddable":true,"href":"https:\/\/games.tactic.net\/da\/wp-json\/wp\/v2\/brand?post=616490"},{"taxonomy":"target-group","embeddable":true,"href":"https:\/\/games.tactic.net\/da\/wp-json\/wp\/v2\/target-group?post=616490"},{"taxonomy":"discontinued","embeddable":true,"href":"https:\/\/games.tactic.net\/da\/wp-json\/wp\/v2\/discontinued?post=616490"}],"curies":[{"name":"wp","href":"https:\/\/api.w.org\/{rel}","templated":true}]}}