{"id":572106,"date":"2022-05-18T11:30:57","date_gmt":"2022-05-18T08:30:57","guid":{"rendered":"http:\/\/games.tactic.net\/tuote\/curling-bowling-tafel-sport\/"},"modified":"2025-04-17T10:30:30","modified_gmt":"2025-04-17T07:30:30","slug":"curling-bowling-tafel-sport","status":"archive","type":"product","link":"https:\/\/games.tactic.net\/da\/tuote\/curling-bowling-tafel-sport\/","title":{"rendered":"Tactic Active Play Curling  Bowling tafel sport"},"content":{"rendered":"<p>Active Play-leg er en fremragende vej til boost af aktiviteten og masser af sjov med familie og venner! Tr\u00e6ning og leg sammen er godt for b\u00e5de krop og sj\u00e6l. Du f\u00e5r energi, og det bliver lettere at koncentrere sig og l\u00e6re nye ting. S\u00e6t gang i et spil curling, eller find ud af, hvem der er familiens mester til bowling! Dette dobbelts\u00e6t best\u00e5r af 8 sten, der kan bruges b\u00e5de til curling og bowling, 6 bowlingkegler, 2 magnetiske stave, en spilleplade, der kan rulles ud samt spilleregler.<\/p>\n","protected":false},"excerpt":{"rendered":"<p>Active Play-leg er en fremragende vej til boost af aktiviteten og masser af sjov med familie og venner! Tr\u00e6ning og leg sammen er godt for b\u00e5de krop og sj\u00e6l. Du f\u00e5r energi, og det bliver lettere at koncentrere sig og l\u00e6re nye ting. S\u00e6t gang i et spil curling, eller find ud af, hvem der [&hellip;]<\/p>\n","protected":false},"featured_media":0,"template":"","meta":{"content-type":"","_monsterinsights_skip_tracking":false,"_monsterinsights_sitenote_active":false,"_monsterinsights_sitenote_note":"","_monsterinsights_sitenote_category":0},"product_brand":[],"product_cat":[1627,1586,1582],"product_tag":[1223,1250,1237],"brand":[],"target-group":[],"discontinued":[],"class_list":{"0":"post-572106","1":"product","2":"type-product","3":"status-archive","5":"product_cat-active-play-udendoers-spil","6":"product_cat-party-spil","7":"product_cat-selskabsspil-voksenspil","8":"product_tag-aktive-da","9":"product_tag-faerdighed-da","10":"product_tag-strategi-da","12":"first","13":"outofstock","14":"taxable","15":"shipping-taxable","16":"product-type-simple"},"aioseo_notices":[],"_links":{"self":[{"href":"https:\/\/games.tactic.net\/da\/wp-json\/wp\/v2\/product\/572106","targetHints":{"allow":["GET"]}}],"collection":[{"href":"https:\/\/games.tactic.net\/da\/wp-json\/wp\/v2\/product"}],"about":[{"href":"https:\/\/games.tactic.net\/da\/wp-json\/wp\/v2\/types\/product"}],"wp:attachment":[{"href":"https:\/\/games.tactic.net\/da\/wp-json\/wp\/v2\/media?parent=572106"}],"wp:term":[{"taxonomy":"product_brand","embeddable":true,"href":"https:\/\/games.tactic.net\/da\/wp-json\/wp\/v2\/product_brand?post=572106"},{"taxonomy":"product_cat","embeddable":true,"href":"https:\/\/games.tactic.net\/da\/wp-json\/wp\/v2\/product_cat?post=572106"},{"taxonomy":"product_tag","embeddable":true,"href":"https:\/\/games.tactic.net\/da\/wp-json\/wp\/v2\/product_tag?post=572106"},{"taxonomy":"brand","embeddable":true,"href":"https:\/\/games.tactic.net\/da\/wp-json\/wp\/v2\/brand?post=572106"},{"taxonomy":"target-group","embeddable":true,"href":"https:\/\/games.tactic.net\/da\/wp-json\/wp\/v2\/target-group?post=572106"},{"taxonomy":"discontinued","embeddable":true,"href":"https:\/\/games.tactic.net\/da\/wp-json\/wp\/v2\/discontinued?post=572106"}],"curies":[{"name":"wp","href":"https:\/\/api.w.org\/{rel}","templated":true}]}}