{"id":57096,"date":"2021-01-29T14:58:53","date_gmt":"2021-01-29T12:58:53","guid":{"rendered":"https:\/\/dev.tactic.net\/tuote\/kubb\/"},"modified":"2024-10-11T15:07:20","modified_gmt":"2024-10-11T12:07:20","slug":"kubb","status":"archive","type":"product","link":"https:\/\/games.tactic.net\/da\/tuote\/kubb\/","title":{"rendered":"Tactic Kubb Turneringsudgave"},"content":{"rendered":"<p>Vikingernes udend\u00f8rs duel. Kubb er et popul\u00e6rt udend\u00f8rsspil, hvor det er meningen, at man skal v\u00e6lte tr\u00e6kegler med kastepinde. V\u00e6lt alle keglerne og kongen, men pas p\u00e5 ikke at v\u00e6lte kongen f\u00f8r de andre kegler, for s\u00e5 vinder modstanderne. Kubb kan spilles enten i hold eller individuelt. Download the Kubb Game Tracker application:<\/p>\n","protected":false},"excerpt":{"rendered":"<p>Vikingernes udend\u00f8rs duel. Kubb er et popul\u00e6rt udend\u00f8rsspil, hvor det er meningen, at man skal v\u00e6lte tr\u00e6kegler med kastepinde. V\u00e6lt alle keglerne og kongen, men pas p\u00e5 ikke at v\u00e6lte kongen f\u00f8r de andre kegler, for s\u00e5 vinder modstanderne. Kubb kan spilles enten i hold eller individuelt.<\/p>\n","protected":false},"featured_media":0,"template":"","meta":{"content-type":"","_monsterinsights_skip_tracking":false,"_monsterinsights_sitenote_active":false,"_monsterinsights_sitenote_note":"","_monsterinsights_sitenote_category":0},"product_brand":[],"product_cat":[1636],"product_tag":[1250],"brand":[],"target-group":[],"discontinued":[],"class_list":{"0":"post-57096","1":"product","2":"type-product","3":"status-archive","5":"product_cat-andre-udendoers-spil","6":"product_tag-faerdighed-da","8":"first","9":"outofstock","10":"taxable","11":"shipping-taxable","12":"product-type-simple"},"aioseo_notices":[],"_links":{"self":[{"href":"https:\/\/games.tactic.net\/da\/wp-json\/wp\/v2\/product\/57096","targetHints":{"allow":["GET"]}}],"collection":[{"href":"https:\/\/games.tactic.net\/da\/wp-json\/wp\/v2\/product"}],"about":[{"href":"https:\/\/games.tactic.net\/da\/wp-json\/wp\/v2\/types\/product"}],"wp:attachment":[{"href":"https:\/\/games.tactic.net\/da\/wp-json\/wp\/v2\/media?parent=57096"}],"wp:term":[{"taxonomy":"product_brand","embeddable":true,"href":"https:\/\/games.tactic.net\/da\/wp-json\/wp\/v2\/product_brand?post=57096"},{"taxonomy":"product_cat","embeddable":true,"href":"https:\/\/games.tactic.net\/da\/wp-json\/wp\/v2\/product_cat?post=57096"},{"taxonomy":"product_tag","embeddable":true,"href":"https:\/\/games.tactic.net\/da\/wp-json\/wp\/v2\/product_tag?post=57096"},{"taxonomy":"brand","embeddable":true,"href":"https:\/\/games.tactic.net\/da\/wp-json\/wp\/v2\/brand?post=57096"},{"taxonomy":"target-group","embeddable":true,"href":"https:\/\/games.tactic.net\/da\/wp-json\/wp\/v2\/target-group?post=57096"},{"taxonomy":"discontinued","embeddable":true,"href":"https:\/\/games.tactic.net\/da\/wp-json\/wp\/v2\/discontinued?post=57096"}],"curies":[{"name":"wp","href":"https:\/\/api.w.org\/{rel}","templated":true}]}}