{"id":570322,"date":"2022-05-17T15:08:46","date_gmt":"2022-05-17T12:08:46","guid":{"rendered":"http:\/\/games.tactic.net\/tuote\/larsen-dinosaurs-that-fly-run-and-dive\/"},"modified":"2023-10-19T15:27:34","modified_gmt":"2023-10-19T12:27:34","slug":"larsen-dinosaurs-that-fly-run-and-dive","status":"publish","type":"product","link":"https:\/\/games.tactic.net\/da\/tuote\/larsen-dinosaurs-that-fly-run-and-dive\/","title":{"rendered":"Larsen Maxi Dinosaurs that fly, run and dive 70 pcs Puzzle"},"content":{"rendered":"<p>Larsen Maxi Dinosaurer der flyver, l\u00f8ber og dykker 70 brikker puslespil 28,5 x 36,5 cm. Dengang dinosaurerne herskede over jorden, var klimaet varmt, og der fandtes mange lavvandede have. Her flyver en lyser\u00f8d pteranodon h\u00f8jt over en farlig giganotosaurus. Giganotosaurus var endnu st\u00f8rre end tyrannosaurus rex, som i billedet st\u00e5r med begge ben i vandet. En baryonyx har fanget en fisk i sin lange snude, der minder om en krokodilles og er perfekt til fiskeri. Dakosaurus, som sv\u00f8mmer nederst til venstre, var en fjern sl\u00e6gtning til nutidens krokodiller. Den bl\u00e5 og gule fisk nederst er en dunkleosteus, som kunne blive over 8 meter lang. Mange af de 70 brikker er formet som dinosaurer, og puslespillet egner sig til lidt \u00e6ldre b\u00f8rn.<\/p>\n<p>Larsen Maxi er en puslespilsserie i h\u00f8j kvalitet til b\u00f8rn, der kombinerer l\u00e6ring og leg. Farverige illustrationer og solide rammebrikker g\u00f8r puslespillene nemme og hyggelige at samle. Larsen Maxi puslespil er ideelle til b\u00f8rn og hj\u00e6lper med at udvikle finmotorik og koncentration.<\/p>\n<p>Larsen producerer p\u00e6dagogiske puslespil i h\u00f8j kvalitet, der underst\u00f8tter l\u00e6ring gennem leg. Denne norske familievirksomhed har eksisteret siden 1953, og alle puslespil fremstilles i Norge. Sortimentet omfatter mange forskellige temaer som dyr, kort, k\u00f8ret\u00f8jer, rummet og natur. Tydelige illustrationer og holdbare brikker g\u00f8r Larsen puslespil til et godt valg for b\u00f8rn.<\/p>\n","protected":false},"excerpt":{"rendered":"<p>Larsen Maxi Dinosaurer der flyver, l\u00f8ber og dykker 70 brikker puslespil 36,5 x 28,5 cm viser flyvende og havlevende dinosaurer. P\u00e6dagogisk puslespil underst\u00f8tter l\u00e6ring og fantasi.<\/p>\n","protected":false},"featured_media":0,"template":"","meta":{"content-type":"","_monsterinsights_skip_tracking":false,"_monsterinsights_sitenote_active":false,"_monsterinsights_sitenote_note":"","_monsterinsights_sitenote_category":0},"product_brand":[],"product_cat":[1625],"product_tag":[1232,994,969],"brand":[],"target-group":[],"discontinued":[],"class_list":{"0":"post-570322","1":"product","2":"type-product","3":"status-publish","5":"product_cat-boerne-puslespil-puslespil","6":"product_tag-kombinere-da","7":"product_tag-sammen","8":"product_tag-tidsfordriv-2","10":"first","11":"instock","12":"taxable","13":"shipping-taxable","14":"product-type-simple"},"aioseo_notices":[],"_links":{"self":[{"href":"https:\/\/games.tactic.net\/da\/wp-json\/wp\/v2\/product\/570322","targetHints":{"allow":["GET"]}}],"collection":[{"href":"https:\/\/games.tactic.net\/da\/wp-json\/wp\/v2\/product"}],"about":[{"href":"https:\/\/games.tactic.net\/da\/wp-json\/wp\/v2\/types\/product"}],"wp:attachment":[{"href":"https:\/\/games.tactic.net\/da\/wp-json\/wp\/v2\/media?parent=570322"}],"wp:term":[{"taxonomy":"product_brand","embeddable":true,"href":"https:\/\/games.tactic.net\/da\/wp-json\/wp\/v2\/product_brand?post=570322"},{"taxonomy":"product_cat","embeddable":true,"href":"https:\/\/games.tactic.net\/da\/wp-json\/wp\/v2\/product_cat?post=570322"},{"taxonomy":"product_tag","embeddable":true,"href":"https:\/\/games.tactic.net\/da\/wp-json\/wp\/v2\/product_tag?post=570322"},{"taxonomy":"brand","embeddable":true,"href":"https:\/\/games.tactic.net\/da\/wp-json\/wp\/v2\/brand?post=570322"},{"taxonomy":"target-group","embeddable":true,"href":"https:\/\/games.tactic.net\/da\/wp-json\/wp\/v2\/target-group?post=570322"},{"taxonomy":"discontinued","embeddable":true,"href":"https:\/\/games.tactic.net\/da\/wp-json\/wp\/v2\/discontinued?post=570322"}],"curies":[{"name":"wp","href":"https:\/\/api.w.org\/{rel}","templated":true}]}}