{"id":570250,"date":"2022-05-17T15:07:16","date_gmt":"2022-05-17T12:07:16","guid":{"rendered":"http:\/\/games.tactic.net\/tuote\/snack-alias-wacky\/"},"modified":"2022-05-17T15:10:41","modified_gmt":"2022-05-17T12:10:41","slug":"snack-alias-wacky","status":"publish","type":"product","link":"https:\/\/games.tactic.net\/da\/tuote\/snack-alias-wacky\/","title":{"rendered":"Tactic Alias Snack Play Wacky"},"content":{"rendered":"<p>Alle tiders dummeste Alias udfordrer spillerne til at forklare ord, men de nyser voldsomt eller taler med fransk accent. I dette spil skal holdene k\u00e6mpe om hvert ord, s\u00e5 alle spillere skal v\u00e6re opm\u00e6rksomme. De vanvittige m\u00e5der at forklare og g\u00e6tte p\u00e5 f\u00e5r alle i h\u00f8jt hum\u00f8r og g\u00f8r dette kompakte spil til en herlig f\u00f8lgesvend p\u00e5 enhver spilaften.<\/p>\n","protected":false},"excerpt":{"rendered":"<p>Kan du finde de rigtige ord til at forklare en masse andre ord for dit hold? Og kan du g\u00f8re det, mens du nyser voldsomt eller taler med fransk accent? Fjolle Alias forh\u00f8jer stemningen og g\u00f8r spillet sjovere end nogensinde tidligere med de spritnye forklaringsm\u00e5der.<\/p>\n","protected":false},"featured_media":0,"template":"","meta":{"content-type":"","_monsterinsights_skip_tracking":false,"_monsterinsights_sitenote_active":false,"_monsterinsights_sitenote_note":"","_monsterinsights_sitenote_category":0},"product_brand":[],"product_cat":[1586,1582],"product_tag":[1204],"brand":[{"id":647,"name":"Alias","slug":"alias_dk"}],"target-group":[],"discontinued":[],"class_list":{"0":"post-570250","1":"product","2":"type-product","3":"status-publish","5":"product_cat-party-spil","6":"product_cat-selskabsspil-voksenspil","7":"product_tag-ordforklaring-2","8":"brand-alias_dk","10":"first","11":"instock","12":"taxable","13":"shipping-taxable","14":"product-type-simple"},"aioseo_notices":[],"_links":{"self":[{"href":"https:\/\/games.tactic.net\/da\/wp-json\/wp\/v2\/product\/570250","targetHints":{"allow":["GET"]}}],"collection":[{"href":"https:\/\/games.tactic.net\/da\/wp-json\/wp\/v2\/product"}],"about":[{"href":"https:\/\/games.tactic.net\/da\/wp-json\/wp\/v2\/types\/product"}],"wp:attachment":[{"href":"https:\/\/games.tactic.net\/da\/wp-json\/wp\/v2\/media?parent=570250"}],"wp:term":[{"taxonomy":"product_brand","embeddable":true,"href":"https:\/\/games.tactic.net\/da\/wp-json\/wp\/v2\/product_brand?post=570250"},{"taxonomy":"product_cat","embeddable":true,"href":"https:\/\/games.tactic.net\/da\/wp-json\/wp\/v2\/product_cat?post=570250"},{"taxonomy":"product_tag","embeddable":true,"href":"https:\/\/games.tactic.net\/da\/wp-json\/wp\/v2\/product_tag?post=570250"},{"taxonomy":"brand","embeddable":true,"href":"https:\/\/games.tactic.net\/da\/wp-json\/wp\/v2\/brand?post=570250"},{"taxonomy":"target-group","embeddable":true,"href":"https:\/\/games.tactic.net\/da\/wp-json\/wp\/v2\/target-group?post=570250"},{"taxonomy":"discontinued","embeddable":true,"href":"https:\/\/games.tactic.net\/da\/wp-json\/wp\/v2\/discontinued?post=570250"}],"curies":[{"name":"wp","href":"https:\/\/api.w.org\/{rel}","templated":true}]}}