{"id":56973,"date":"2021-01-29T12:20:33","date_gmt":"2021-01-29T10:20:33","guid":{"rendered":"https:\/\/dev.tactic.net\/tuote\/land-of-clans\/"},"modified":"2024-12-04T10:39:25","modified_gmt":"2024-12-04T08:39:25","slug":"land-of-clans","status":"archive","type":"product","link":"https:\/\/games.tactic.net\/da\/tuote\/land-of-clans\/","title":{"rendered":"Gamestorm Land of Clans board game"},"content":{"rendered":"<p>Du er en klanleder, som skal erobre det skotske h\u00f8jland. Byg dit eget slot ved at beslagl\u00e6gge felterne p\u00e5 spillepladen. Du kan ogs\u00e5 angribe din modstanders slot, hvis du har styrke nok til at bryde deres forsvar. F\u00f8rste spiller med fire slotte vinder.<\/p>\n","protected":false},"excerpt":{"rendered":"<p>Du er en klanleder, som skal erobre det skotske h\u00f8jland. Byg dit eget slot ved at beslagl\u00e6gge felterne p\u00e5 spillepladen. Du kan ogs\u00e5 angribe din modstanders slot, hvis du har styrke nok til at bryde deres forsvar. F\u00f8rste spiller med fire slotte vinder.<\/p>\n","protected":false},"featured_media":0,"template":"","meta":{"content-type":"","_monsterinsights_skip_tracking":false,"_monsterinsights_sitenote_active":false,"_monsterinsights_sitenote_note":"","_monsterinsights_sitenote_category":0},"product_brand":[],"product_cat":[1600,1620],"product_tag":[1237,895],"brand":[{"id":885,"name":"Gamestorm Studio","slug":"gamestormstudio-da"}],"target-group":[],"discontinued":[],"class_list":{"0":"post-56973","1":"product","2":"type-product","3":"status-archive","5":"product_cat-strategiske-spil-voksenspil","6":"product_cat-strategiske-spil-familiespil","7":"product_tag-strategi-da","8":"product_tag-taktik","9":"brand-gamestormstudio-da","11":"first","12":"outofstock","13":"taxable","14":"shipping-taxable","15":"product-type-simple"},"aioseo_notices":[],"_links":{"self":[{"href":"https:\/\/games.tactic.net\/da\/wp-json\/wp\/v2\/product\/56973","targetHints":{"allow":["GET"]}}],"collection":[{"href":"https:\/\/games.tactic.net\/da\/wp-json\/wp\/v2\/product"}],"about":[{"href":"https:\/\/games.tactic.net\/da\/wp-json\/wp\/v2\/types\/product"}],"wp:attachment":[{"href":"https:\/\/games.tactic.net\/da\/wp-json\/wp\/v2\/media?parent=56973"}],"wp:term":[{"taxonomy":"product_brand","embeddable":true,"href":"https:\/\/games.tactic.net\/da\/wp-json\/wp\/v2\/product_brand?post=56973"},{"taxonomy":"product_cat","embeddable":true,"href":"https:\/\/games.tactic.net\/da\/wp-json\/wp\/v2\/product_cat?post=56973"},{"taxonomy":"product_tag","embeddable":true,"href":"https:\/\/games.tactic.net\/da\/wp-json\/wp\/v2\/product_tag?post=56973"},{"taxonomy":"brand","embeddable":true,"href":"https:\/\/games.tactic.net\/da\/wp-json\/wp\/v2\/brand?post=56973"},{"taxonomy":"target-group","embeddable":true,"href":"https:\/\/games.tactic.net\/da\/wp-json\/wp\/v2\/target-group?post=56973"},{"taxonomy":"discontinued","embeddable":true,"href":"https:\/\/games.tactic.net\/da\/wp-json\/wp\/v2\/discontinued?post=56973"}],"curies":[{"name":"wp","href":"https:\/\/api.w.org\/{rel}","templated":true}]}}