{"id":567764,"date":"2022-05-10T16:02:33","date_gmt":"2022-05-10T13:02:33","guid":{"rendered":"http:\/\/games.tactic.net\/tuote\/larsen-rescue-vehicles-on-the-highway-maxi\/"},"modified":"2023-10-19T16:26:09","modified_gmt":"2023-10-19T13:26:09","slug":"larsen-rescue-vehicles-on-the-highway-maxi","status":"publish","type":"product","link":"https:\/\/games.tactic.net\/da\/tuote\/larsen-rescue-vehicles-on-the-highway-maxi\/","title":{"rendered":"Larsen Maxi Rescue vehicles on highway 26 pcs Puzzle"},"content":{"rendered":"<p>Larsen Maxi Redningsk\u00f8ret\u00f8jer p\u00e5 motorvej 26 brikker puslespil 36,5 x 28,5 cm. Der er sket et uheld p\u00e5 motorvejen, og mange er klar til at hj\u00e6lpe. Politi, brandfolk og en l\u00e6ge er rykket ud for at hj\u00e6lpe familien i den r\u00f8de bil. Heldigvis kom ingen til skade, og kranvognen l\u00f8fter bilen op p\u00e5 ladet. En politibetjent dirigerer trafikken forbi redningsk\u00f8ret\u00f8jerne. Her er farverige biler, en traktor og en gr\u00f8n eng med k\u00f8er, der nysgerrigt f\u00f8lger med i det hele. Puslespillet med 26 store brikker er perfekt til mindre b\u00f8rn, der elsker biler. Nogle af brikkerne er formet som biler, en kranvogn, en lade, en traktor og en politibetjent, der dirigerer trafik.<\/p>\n<p>Larsen Maxi er en puslespilsserie i h\u00f8j kvalitet til b\u00f8rn, der kombinerer l\u00e6ring og leg. Farverige illustrationer og solide rammebrikker g\u00f8r puslespillene nemme og hyggelige at samle. Larsen Maxi puslespil er ideelle til b\u00f8rn og hj\u00e6lper med at udvikle finmotorik og koncentration.<\/p>\n<p>Larsen producerer p\u00e6dagogiske puslespil i h\u00f8j kvalitet, der underst\u00f8tter l\u00e6ring gennem leg. Denne norske familievirksomhed har eksisteret siden 1953, og alle puslespil fremstilles i Norge. Sortimentet omfatter mange forskellige temaer som dyr, kort, k\u00f8ret\u00f8jer, rummet og natur. Tydelige illustrationer og holdbare brikker g\u00f8r Larsen puslespil til et godt valg for b\u00f8rn.<\/p>\n","protected":false},"excerpt":{"rendered":"<p>Larsen Maxi Redningsk\u00f8ret\u00f8jer 26 brikker puslespil 36,5 x 28,5 cm viser udrykningsk\u00f8ret\u00f8jer i aktion. B\u00f8rnepuslespil med k\u00f8ret\u00f8jer underst\u00f8tter genkendelse og visuel udvikling.<\/p>\n","protected":false},"featured_media":0,"template":"","meta":{"content-type":"","_monsterinsights_skip_tracking":false,"_monsterinsights_sitenote_active":false,"_monsterinsights_sitenote_note":"","_monsterinsights_sitenote_category":0},"product_brand":[],"product_cat":[1625],"product_tag":[1232,994,969],"brand":[],"target-group":[],"discontinued":[],"class_list":{"0":"post-567764","1":"product","2":"type-product","3":"status-publish","5":"product_cat-boerne-puslespil-puslespil","6":"product_tag-kombinere-da","7":"product_tag-sammen","8":"product_tag-tidsfordriv-2","10":"first","11":"instock","12":"taxable","13":"shipping-taxable","14":"product-type-simple"},"aioseo_notices":[],"_links":{"self":[{"href":"https:\/\/games.tactic.net\/da\/wp-json\/wp\/v2\/product\/567764","targetHints":{"allow":["GET"]}}],"collection":[{"href":"https:\/\/games.tactic.net\/da\/wp-json\/wp\/v2\/product"}],"about":[{"href":"https:\/\/games.tactic.net\/da\/wp-json\/wp\/v2\/types\/product"}],"wp:attachment":[{"href":"https:\/\/games.tactic.net\/da\/wp-json\/wp\/v2\/media?parent=567764"}],"wp:term":[{"taxonomy":"product_brand","embeddable":true,"href":"https:\/\/games.tactic.net\/da\/wp-json\/wp\/v2\/product_brand?post=567764"},{"taxonomy":"product_cat","embeddable":true,"href":"https:\/\/games.tactic.net\/da\/wp-json\/wp\/v2\/product_cat?post=567764"},{"taxonomy":"product_tag","embeddable":true,"href":"https:\/\/games.tactic.net\/da\/wp-json\/wp\/v2\/product_tag?post=567764"},{"taxonomy":"brand","embeddable":true,"href":"https:\/\/games.tactic.net\/da\/wp-json\/wp\/v2\/brand?post=567764"},{"taxonomy":"target-group","embeddable":true,"href":"https:\/\/games.tactic.net\/da\/wp-json\/wp\/v2\/target-group?post=567764"},{"taxonomy":"discontinued","embeddable":true,"href":"https:\/\/games.tactic.net\/da\/wp-json\/wp\/v2\/discontinued?post=567764"}],"curies":[{"name":"wp","href":"https:\/\/api.w.org\/{rel}","templated":true}]}}