{"id":566106,"date":"2022-05-10T08:05:24","date_gmt":"2022-05-10T05:05:24","guid":{"rendered":"http:\/\/games.tactic.net\/tuote\/metro-domino-new-york\/"},"modified":"2025-07-15T14:43:09","modified_gmt":"2025-07-15T11:43:09","slug":"metro-domino-new-york","status":"archive","type":"product","link":"https:\/\/games.tactic.net\/da\/tuote\/metro-domino-new-york\/","title":{"rendered":"Tactic Metro Domino New York board game"},"content":{"rendered":"<p>En spilklassiker med et nyt twist. Domino blev allerede spillet p\u00e5 Song-dynastiets tid i Kina, men denne spilklassiker er lige s\u00e5 sp\u00e6ndende. Metro Domino indeholder de mest ber\u00f8mte metrostationer i New York, som bringer et helt nyt twist til spillet.<\/p>\n","protected":false},"excerpt":{"rendered":"<p>En spilklassiker med et nyt twist. Domino blev allerede spillet p\u00e5 Song-dynastiets tid i Kina, men denne spilklassiker er lige s\u00e5 sp\u00e6ndende. Metro Domino indeholder de mest ber\u00f8mte metrostationer i New York, som bringer et helt nyt twist til spillet.<\/p>\n","protected":false},"featured_media":0,"template":"","meta":{"content-type":"","_monsterinsights_skip_tracking":false,"_monsterinsights_sitenote_active":false,"_monsterinsights_sitenote_note":"","_monsterinsights_sitenote_category":0},"product_brand":[],"product_cat":[1601,1609],"product_tag":[],"brand":[],"target-group":[],"discontinued":[],"class_list":{"0":"post-566106","1":"product","2":"type-product","3":"status-archive","5":"product_cat-klassiske-spil-familiespil","6":"product_cat-klassiske-spil-voksenspil","8":"first","9":"outofstock","10":"taxable","11":"shipping-taxable","12":"product-type-simple"},"aioseo_notices":[],"_links":{"self":[{"href":"https:\/\/games.tactic.net\/da\/wp-json\/wp\/v2\/product\/566106","targetHints":{"allow":["GET"]}}],"collection":[{"href":"https:\/\/games.tactic.net\/da\/wp-json\/wp\/v2\/product"}],"about":[{"href":"https:\/\/games.tactic.net\/da\/wp-json\/wp\/v2\/types\/product"}],"wp:attachment":[{"href":"https:\/\/games.tactic.net\/da\/wp-json\/wp\/v2\/media?parent=566106"}],"wp:term":[{"taxonomy":"product_brand","embeddable":true,"href":"https:\/\/games.tactic.net\/da\/wp-json\/wp\/v2\/product_brand?post=566106"},{"taxonomy":"product_cat","embeddable":true,"href":"https:\/\/games.tactic.net\/da\/wp-json\/wp\/v2\/product_cat?post=566106"},{"taxonomy":"product_tag","embeddable":true,"href":"https:\/\/games.tactic.net\/da\/wp-json\/wp\/v2\/product_tag?post=566106"},{"taxonomy":"brand","embeddable":true,"href":"https:\/\/games.tactic.net\/da\/wp-json\/wp\/v2\/brand?post=566106"},{"taxonomy":"target-group","embeddable":true,"href":"https:\/\/games.tactic.net\/da\/wp-json\/wp\/v2\/target-group?post=566106"},{"taxonomy":"discontinued","embeddable":true,"href":"https:\/\/games.tactic.net\/da\/wp-json\/wp\/v2\/discontinued?post=566106"}],"curies":[{"name":"wp","href":"https:\/\/api.w.org\/{rel}","templated":true}]}}