{"id":56607,"date":"2021-01-29T11:51:49","date_gmt":"2021-01-29T09:51:49","guid":{"rendered":"https:\/\/dev.tactic.net\/tuote\/mud-party\/"},"modified":"2022-09-05T09:36:59","modified_gmt":"2022-09-05T06:36:59","slug":"mud-party","status":"archive","type":"product","link":"https:\/\/games.tactic.net\/da\/tuote\/mud-party\/","title":{"rendered":"Mud Party"},"content":{"rendered":"<p>Bondeg\u00e5rdsdyrene har fridag. L\u00e6g dine dyrebrikker p\u00e5 kludene rundt om mudderp\u00f8len og pr\u00f8v at ramme s\u00e5 mange du kan ved at kaste grisen i mudderet. Brikkerne rykker et trin for hvert dyr du rammer. Men v\u00e6r forsigtig \u2013 ellers kan du risikere at hj\u00e6lpe dine modstandere n\u00e6rmere m\u00e5let.<\/p>\n<div>\u2022 Med en mudderp\u00f8l i plast, brikker og en sjov gummigris.<\/div>\n<div>\u2022 Sp\u00e6ndende 3D spil.<\/div>\n<div>\u2022 Fuld af farverige billeder.<\/div>\n","protected":false},"excerpt":{"rendered":"<p>Bondeg\u00e5rdsdyrene har fridag. L\u00e6g dine dyrebrikker p\u00e5 kludene rundt om mudderp\u00f8len og pr\u00f8v at ramme s\u00e5 mange du kan ved at kaste grisen i mudderet. Brikkerne rykker et trin for hvert dyr du rammer. Men v\u00e6r forsigtig \u2013 ellers kan du risikere at hj\u00e6lpe dine modstandere n\u00e6rmere m\u00e5let.<\/p>\n","protected":false},"featured_media":0,"template":"","meta":{"content-type":"","_monsterinsights_skip_tracking":false,"_monsterinsights_sitenote_active":false,"_monsterinsights_sitenote_note":"","_monsterinsights_sitenote_category":0},"product_brand":[],"product_cat":[1574,2088],"product_tag":[1223,1250],"brand":[],"target-group":[],"discontinued":[],"class_list":{"0":"post-56607","1":"product","2":"type-product","3":"status-archive","5":"product_cat-boerne-braetspil","6":"product_cat-outlet-4","7":"product_tag-aktive-da","8":"product_tag-faerdighed-da","10":"first","11":"outofstock","12":"taxable","13":"shipping-taxable","14":"product-type-simple"},"aioseo_notices":[],"_links":{"self":[{"href":"https:\/\/games.tactic.net\/da\/wp-json\/wp\/v2\/product\/56607","targetHints":{"allow":["GET"]}}],"collection":[{"href":"https:\/\/games.tactic.net\/da\/wp-json\/wp\/v2\/product"}],"about":[{"href":"https:\/\/games.tactic.net\/da\/wp-json\/wp\/v2\/types\/product"}],"wp:attachment":[{"href":"https:\/\/games.tactic.net\/da\/wp-json\/wp\/v2\/media?parent=56607"}],"wp:term":[{"taxonomy":"product_brand","embeddable":true,"href":"https:\/\/games.tactic.net\/da\/wp-json\/wp\/v2\/product_brand?post=56607"},{"taxonomy":"product_cat","embeddable":true,"href":"https:\/\/games.tactic.net\/da\/wp-json\/wp\/v2\/product_cat?post=56607"},{"taxonomy":"product_tag","embeddable":true,"href":"https:\/\/games.tactic.net\/da\/wp-json\/wp\/v2\/product_tag?post=56607"},{"taxonomy":"brand","embeddable":true,"href":"https:\/\/games.tactic.net\/da\/wp-json\/wp\/v2\/brand?post=56607"},{"taxonomy":"target-group","embeddable":true,"href":"https:\/\/games.tactic.net\/da\/wp-json\/wp\/v2\/target-group?post=56607"},{"taxonomy":"discontinued","embeddable":true,"href":"https:\/\/games.tactic.net\/da\/wp-json\/wp\/v2\/discontinued?post=56607"}],"curies":[{"name":"wp","href":"https:\/\/api.w.org\/{rel}","templated":true}]}}