{"id":565960,"date":"2022-05-09T16:06:45","date_gmt":"2022-05-09T13:06:45","guid":{"rendered":"http:\/\/games.tactic.net\/tuote\/larsen-playful-dinosaurs-4-x-1-mini\/"},"modified":"2023-10-19T15:51:15","modified_gmt":"2023-10-19T12:51:15","slug":"larsen-playful-dinosaurs-4-x-1-mini","status":"publish","type":"product","link":"https:\/\/games.tactic.net\/da\/tuote\/larsen-playful-dinosaurs-4-x-1-mini\/","title":{"rendered":"Larsen Mini Playful Dinosaurs 7 pcs Puzzle"},"content":{"rendered":"<p>Larsen Mini Legesyge dinosaurer 7 brikker puslespil 18,3 x 14,3 cm. F\u00e5s i 4 forskellige motiver. Her f\u00e5r du 4 MINI-puslespil med 7 brikker og glade dinosaurer til de allermindste. To af brikkerne i hvert puslespil er udformet som forskellige dyr. Alle vil elske disse glade og venlige dinosaurer, som er skabt til at sprede gl\u00e6de og stimulere fantasien. Her er flyve\u00f8gler, sv\u00f8mmende dinosaurer, langhalsede sauropoder, triceratops med horn og dinosaurer med sejl p\u00e5 ryggen. En lille dinosaurunge er p\u00e5 vej ud af \u00e6gget. M\u00e5ske kan puslespillene ogs\u00e5 v\u00e6kke interessen for de v\u00e6sner, der herskede p\u00e5 jorden for millioner af \u00e5r siden? De 4 puslespil er lavet i klare, b\u00f8rnevenlige farver.<\/p>\n<p>Larsen Mini er en puslespilsserie i h\u00f8j kvalitet til b\u00f8rn, der kombinerer l\u00e6ring og leg. Farverige illustrationer og solide rammebrikker g\u00f8r puslespillene nemme og hyggelige at samle. Larsen Mini puslespil er ideelle til b\u00f8rn og hj\u00e6lper med at udvikle finmotorik og koncentration.<\/p>\n<p>Larsen producerer p\u00e6dagogiske puslespil i h\u00f8j kvalitet, der underst\u00f8tter l\u00e6ring gennem leg. Denne norske familievirksomhed har eksisteret siden 1953, og alle puslespil fremstilles i Norge. Sortimentet omfatter mange forskellige temaer som dyr, kort, k\u00f8ret\u00f8jer, rummet og natur. Tydelige illustrationer og holdbare brikker g\u00f8r Larsen puslespil til et godt valg for b\u00f8rn.<\/p>\n","protected":false},"excerpt":{"rendered":"<p>Larsen Mini Legende dinosaurer 7 brikker puslespil 18,3 x 14,3 cm assorteret udvalg med 4 motiver. Det er desv\u00e6rre ikke muligt at v\u00e6lge motiv ved k\u00f8b.<\/p>\n","protected":false},"featured_media":0,"template":"","meta":{"content-type":"","_monsterinsights_skip_tracking":false,"_monsterinsights_sitenote_active":false,"_monsterinsights_sitenote_note":"","_monsterinsights_sitenote_category":0},"product_brand":[],"product_cat":[1625],"product_tag":[],"brand":[],"target-group":[],"discontinued":[],"class_list":{"0":"post-565960","1":"product","2":"type-product","3":"status-publish","5":"product_cat-boerne-puslespil-puslespil","7":"first","8":"instock","9":"taxable","10":"shipping-taxable","11":"product-type-simple"},"aioseo_notices":[],"_links":{"self":[{"href":"https:\/\/games.tactic.net\/da\/wp-json\/wp\/v2\/product\/565960","targetHints":{"allow":["GET"]}}],"collection":[{"href":"https:\/\/games.tactic.net\/da\/wp-json\/wp\/v2\/product"}],"about":[{"href":"https:\/\/games.tactic.net\/da\/wp-json\/wp\/v2\/types\/product"}],"wp:attachment":[{"href":"https:\/\/games.tactic.net\/da\/wp-json\/wp\/v2\/media?parent=565960"}],"wp:term":[{"taxonomy":"product_brand","embeddable":true,"href":"https:\/\/games.tactic.net\/da\/wp-json\/wp\/v2\/product_brand?post=565960"},{"taxonomy":"product_cat","embeddable":true,"href":"https:\/\/games.tactic.net\/da\/wp-json\/wp\/v2\/product_cat?post=565960"},{"taxonomy":"product_tag","embeddable":true,"href":"https:\/\/games.tactic.net\/da\/wp-json\/wp\/v2\/product_tag?post=565960"},{"taxonomy":"brand","embeddable":true,"href":"https:\/\/games.tactic.net\/da\/wp-json\/wp\/v2\/brand?post=565960"},{"taxonomy":"target-group","embeddable":true,"href":"https:\/\/games.tactic.net\/da\/wp-json\/wp\/v2\/target-group?post=565960"},{"taxonomy":"discontinued","embeddable":true,"href":"https:\/\/games.tactic.net\/da\/wp-json\/wp\/v2\/discontinued?post=565960"}],"curies":[{"name":"wp","href":"https:\/\/api.w.org\/{rel}","templated":true}]}}