{"id":565915,"date":"2022-05-09T16:05:34","date_gmt":"2022-05-09T13:05:34","guid":{"rendered":"http:\/\/games.tactic.net\/tuote\/larsen-ponies-unicorns-and-friends-4x1-mini\/"},"modified":"2023-10-19T15:52:04","modified_gmt":"2023-10-19T12:52:04","slug":"larsen-ponies-unicorns-and-friends-4x1-mini","status":"publish","type":"product","link":"https:\/\/games.tactic.net\/da\/tuote\/larsen-ponies-unicorns-and-friends-4x1-mini\/","title":{"rendered":"Larsen Mini Ponies, Unicorns and Friends 11 pcs Puzzle"},"content":{"rendered":"<p>Larsen Mini Ponyer, enhj\u00f8rninger og venner 11 brikker puslespil 18,3 x 14,3 cm. F\u00e5s i 4 forskellige motiver. Disse 4 puslespil er skabt til at sprede gl\u00e6de hos sm\u00e5 b\u00f8rn. Det ene motiv viser en bondeg\u00e5rd, hvor du ud over en smuk ung hest finder to k\u00f8er, en pony, en g\u00e5s med kyllinger, lam, en lille gris og en hane med kyllinger. P\u00e5 et andet puslespil ser du en smuk hoppe med f\u00f8l omgivet af k\u00e6ledyr som hunde, katte og en kanin. Det tredje motiv viser en enhj\u00f8rning med f\u00f8l i en skov omgivet af r\u00e5dyr, egern, kaniner og en and med unge. P\u00e5 det fjerde puslespil sidder en lille drage med lang hale og ser p\u00e5 tre glade enhj\u00f8rninger med vinger, som danser p\u00e5 en blomstereng med sommerfugle.<\/p>\n<p>Larsen Mini er en puslespilsserie i h\u00f8j kvalitet til b\u00f8rn, der kombinerer l\u00e6ring og leg. Farverige illustrationer og solide rammebrikker g\u00f8r puslespillene nemme og hyggelige at samle. Larsen Mini puslespil er ideelle til b\u00f8rn og hj\u00e6lper med at udvikle finmotorik og koncentration.<\/p>\n<p>Larsen producerer p\u00e6dagogiske puslespil i h\u00f8j kvalitet, der underst\u00f8tter l\u00e6ring gennem leg. Denne norske familievirksomhed har eksisteret siden 1953, og alle puslespil fremstilles i Norge. Sortimentet omfatter mange forskellige temaer som dyr, kort, k\u00f8ret\u00f8jer, rummet og natur. Tydelige illustrationer og holdbare brikker g\u00f8r Larsen puslespil til et godt valg for b\u00f8rn.<\/p>\n","protected":false},"excerpt":{"rendered":"<p>Larsen Mini Ponyer, enhj\u00f8rninger og venner 11 brikker puslespil 18,3 x 14,3 cm assorteret udvalg med 4 motiver. Det er desv\u00e6rre ikke muligt at v\u00e6lge motiv ved k\u00f8b.<\/p>\n","protected":false},"featured_media":0,"template":"","meta":{"content-type":"","_monsterinsights_skip_tracking":false,"_monsterinsights_sitenote_active":false,"_monsterinsights_sitenote_note":"","_monsterinsights_sitenote_category":0},"product_brand":[],"product_cat":[1625],"product_tag":[],"brand":[],"target-group":[],"discontinued":[],"class_list":{"0":"post-565915","1":"product","2":"type-product","3":"status-publish","5":"product_cat-boerne-puslespil-puslespil","7":"first","8":"instock","9":"taxable","10":"shipping-taxable","11":"product-type-simple"},"aioseo_notices":[],"_links":{"self":[{"href":"https:\/\/games.tactic.net\/da\/wp-json\/wp\/v2\/product\/565915","targetHints":{"allow":["GET"]}}],"collection":[{"href":"https:\/\/games.tactic.net\/da\/wp-json\/wp\/v2\/product"}],"about":[{"href":"https:\/\/games.tactic.net\/da\/wp-json\/wp\/v2\/types\/product"}],"wp:attachment":[{"href":"https:\/\/games.tactic.net\/da\/wp-json\/wp\/v2\/media?parent=565915"}],"wp:term":[{"taxonomy":"product_brand","embeddable":true,"href":"https:\/\/games.tactic.net\/da\/wp-json\/wp\/v2\/product_brand?post=565915"},{"taxonomy":"product_cat","embeddable":true,"href":"https:\/\/games.tactic.net\/da\/wp-json\/wp\/v2\/product_cat?post=565915"},{"taxonomy":"product_tag","embeddable":true,"href":"https:\/\/games.tactic.net\/da\/wp-json\/wp\/v2\/product_tag?post=565915"},{"taxonomy":"brand","embeddable":true,"href":"https:\/\/games.tactic.net\/da\/wp-json\/wp\/v2\/brand?post=565915"},{"taxonomy":"target-group","embeddable":true,"href":"https:\/\/games.tactic.net\/da\/wp-json\/wp\/v2\/target-group?post=565915"},{"taxonomy":"discontinued","embeddable":true,"href":"https:\/\/games.tactic.net\/da\/wp-json\/wp\/v2\/discontinued?post=565915"}],"curies":[{"name":"wp","href":"https:\/\/api.w.org\/{rel}","templated":true}]}}