{"id":565870,"date":"2022-05-09T16:04:21","date_gmt":"2022-05-09T13:04:21","guid":{"rendered":"http:\/\/games.tactic.net\/tuote\/larsen-fire-truck-on-its-way-to-a-fire-2-x-1-midi\/"},"modified":"2023-10-19T15:45:19","modified_gmt":"2023-10-19T12:45:19","slug":"larsen-fire-truck-on-its-way-to-a-fire-2-x-1-midi","status":"publish","type":"product","link":"https:\/\/games.tactic.net\/da\/tuote\/larsen-fire-truck-on-its-way-to-a-fire-2-x-1-midi\/","title":{"rendered":"Larsen Midi Fire truck on its way to a fire 16 pcs Puzzle"},"content":{"rendered":"<p>Larsen Midi Brandbil p\u00e5 vej til brand 16 brikker puslespil 28,5 x 18,3 cm. 2 forskellige motiver. Det er aldrig rart, n\u00e5r noget br\u00e6nder. Alligevel er det sp\u00e6ndende at se p\u00e5 brandbiler, og klassiske brandbiler er ekstra sjove at kigge p\u00e5. Her f\u00e5r du to puslespil med brandbiler og stige, der k\u00f8rer i fuld fart for at slukke en brand \u2013 man kan n\u00e6sten h\u00f8re sirenerne. Hvert puslespil har 16 brikker, og nogle af brikkerne er formet som en hjelm, et ur, en brandbil og en brandhane.<\/p>\n<p>Larsen Midi er en puslespilsserie i h\u00f8j kvalitet til b\u00f8rn, der kombinerer l\u00e6ring og leg. Farverige illustrationer og solide rammebrikker g\u00f8r puslespillene nemme og hyggelige at samle. Larsen Midi puslespil er ideelle til b\u00f8rn og hj\u00e6lper med at udvikle finmotorik og koncentration.<\/p>\n<p>Larsen producerer p\u00e6dagogiske puslespil i h\u00f8j kvalitet, der underst\u00f8tter l\u00e6ring gennem leg. Denne norske familievirksomhed har eksisteret siden 1953, og alle puslespil fremstilles i Norge. Sortimentet omfatter mange forskellige temaer som dyr, kort, k\u00f8ret\u00f8jer, rummet og natur. Tydelige illustrationer og holdbare brikker g\u00f8r Larsen puslespil til et godt valg for b\u00f8rn.<\/p>\n","protected":false},"excerpt":{"rendered":"<p>Larsen Midi Brandbil p\u00e5 vej til brand 16 brikker puslespil 28,5 x 18,3 cm assorteret udvalg med 2 motiver. Det er desv\u00e6rre ikke muligt at v\u00e6lge motiv ved k\u00f8b.<\/p>\n","protected":false},"featured_media":0,"template":"","meta":{"content-type":"","_monsterinsights_skip_tracking":false,"_monsterinsights_sitenote_active":false,"_monsterinsights_sitenote_note":"","_monsterinsights_sitenote_category":0},"product_brand":[],"product_cat":[1625],"product_tag":[],"brand":[],"target-group":[],"discontinued":[],"class_list":{"0":"post-565870","1":"product","2":"type-product","3":"status-publish","5":"product_cat-boerne-puslespil-puslespil","7":"first","8":"instock","9":"taxable","10":"shipping-taxable","11":"product-type-simple"},"aioseo_notices":[],"_links":{"self":[{"href":"https:\/\/games.tactic.net\/da\/wp-json\/wp\/v2\/product\/565870","targetHints":{"allow":["GET"]}}],"collection":[{"href":"https:\/\/games.tactic.net\/da\/wp-json\/wp\/v2\/product"}],"about":[{"href":"https:\/\/games.tactic.net\/da\/wp-json\/wp\/v2\/types\/product"}],"wp:attachment":[{"href":"https:\/\/games.tactic.net\/da\/wp-json\/wp\/v2\/media?parent=565870"}],"wp:term":[{"taxonomy":"product_brand","embeddable":true,"href":"https:\/\/games.tactic.net\/da\/wp-json\/wp\/v2\/product_brand?post=565870"},{"taxonomy":"product_cat","embeddable":true,"href":"https:\/\/games.tactic.net\/da\/wp-json\/wp\/v2\/product_cat?post=565870"},{"taxonomy":"product_tag","embeddable":true,"href":"https:\/\/games.tactic.net\/da\/wp-json\/wp\/v2\/product_tag?post=565870"},{"taxonomy":"brand","embeddable":true,"href":"https:\/\/games.tactic.net\/da\/wp-json\/wp\/v2\/brand?post=565870"},{"taxonomy":"target-group","embeddable":true,"href":"https:\/\/games.tactic.net\/da\/wp-json\/wp\/v2\/target-group?post=565870"},{"taxonomy":"discontinued","embeddable":true,"href":"https:\/\/games.tactic.net\/da\/wp-json\/wp\/v2\/discontinued?post=565870"}],"curies":[{"name":"wp","href":"https:\/\/api.w.org\/{rel}","templated":true}]}}