{"id":56153,"date":"2021-01-21T12:40:20","date_gmt":"2021-01-21T10:40:20","guid":{"rendered":"https:\/\/dev.tactic.net\/tuote\/boerne-alias\/"},"modified":"2023-10-25T13:21:58","modified_gmt":"2023-10-25T10:21:58","slug":"boerne-alias","status":"publish","type":"product","link":"https:\/\/games.tactic.net\/da\/tuote\/boerne-alias\/","title":{"rendered":"Tactic Alias B\u00f8rne"},"content":{"rendered":"<p>B\u00f8rne Alias l\u00e6rer b\u00f8rn at udvide deres ordforr\u00e5d p\u00e5 en genial m\u00e5de. Billedkortene er nemme at forklare ord fra, men timeglasset stopper aldrig.<\/p>\n<p><img decoding=\"async\" src=\"https:\\\\\\\\games.tactic.net\\\\pic\\\\logo\\\\Awarded_concept.png\"><\/p>\n","protected":false},"excerpt":{"rendered":"<p>B\u00f8rne Alias l\u00e6rer b\u00f8rn at udvide deres ordforr\u00e5d p\u00e5 en genial m\u00e5de. Billedkortene er nemme at forklare ord fra, men timeglasset stopper aldrig. Indeholder 300 illustrerede ordkort. Perfekt til st\u00f8rre b\u00f8rn. Udvider b\u00f8rns ordforr\u00e5d p\u00e5 den sjove m\u00e5de<\/p>\n","protected":false},"featured_media":0,"template":"","meta":{"content-type":"","_monsterinsights_skip_tracking":false,"_monsterinsights_sitenote_active":false,"_monsterinsights_sitenote_note":"","_monsterinsights_sitenote_category":0},"product_brand":[],"product_cat":[1574],"product_tag":[1204],"brand":[{"id":647,"name":"Alias","slug":"alias_dk"}],"target-group":[],"discontinued":[],"class_list":{"0":"post-56153","1":"product","2":"type-product","3":"status-publish","5":"product_cat-boerne-braetspil","6":"product_tag-ordforklaring-2","7":"brand-alias_dk","9":"first","10":"instock","11":"taxable","12":"shipping-taxable","13":"product-type-simple"},"aioseo_notices":[],"_links":{"self":[{"href":"https:\/\/games.tactic.net\/da\/wp-json\/wp\/v2\/product\/56153","targetHints":{"allow":["GET"]}}],"collection":[{"href":"https:\/\/games.tactic.net\/da\/wp-json\/wp\/v2\/product"}],"about":[{"href":"https:\/\/games.tactic.net\/da\/wp-json\/wp\/v2\/types\/product"}],"wp:attachment":[{"href":"https:\/\/games.tactic.net\/da\/wp-json\/wp\/v2\/media?parent=56153"}],"wp:term":[{"taxonomy":"product_brand","embeddable":true,"href":"https:\/\/games.tactic.net\/da\/wp-json\/wp\/v2\/product_brand?post=56153"},{"taxonomy":"product_cat","embeddable":true,"href":"https:\/\/games.tactic.net\/da\/wp-json\/wp\/v2\/product_cat?post=56153"},{"taxonomy":"product_tag","embeddable":true,"href":"https:\/\/games.tactic.net\/da\/wp-json\/wp\/v2\/product_tag?post=56153"},{"taxonomy":"brand","embeddable":true,"href":"https:\/\/games.tactic.net\/da\/wp-json\/wp\/v2\/brand?post=56153"},{"taxonomy":"target-group","embeddable":true,"href":"https:\/\/games.tactic.net\/da\/wp-json\/wp\/v2\/target-group?post=56153"},{"taxonomy":"discontinued","embeddable":true,"href":"https:\/\/games.tactic.net\/da\/wp-json\/wp\/v2\/discontinued?post=56153"}],"curies":[{"name":"wp","href":"https:\/\/api.w.org\/{rel}","templated":true}]}}