{"id":560911,"date":"2022-05-06T11:12:12","date_gmt":"2022-05-06T08:12:12","guid":{"rendered":"http:\/\/games.tactic.net\/tuote\/figure-set-municipal-worker\/"},"modified":"2023-10-11T09:46:59","modified_gmt":"2023-10-11T06:46:59","slug":"figure-set-municipal-worker","status":"publish","type":"product","link":"https:\/\/games.tactic.net\/da\/tuote\/figure-set-municipal-worker\/","title":{"rendered":"Bruder Figure set municipal worker toy"},"content":{"rendered":"<p>Kommunalarbejdernes aktiviteter er meget varierede. De sikrer byggepladser og ulykkessteder, inspicerer vejbaner for skader og tager sig af mindre byggearbejde. De g\u00f8r rent, plejer parker og haver og vedligeholder grus p\u00e5 vejene. Det nye kommunale arbejderfigurs\u00e6t er den ideelle tilf\u00f8jelse til adskillige BRUDER erhvervs- og byggepladsk\u00f8ret\u00f8jer. Figuren inkluderer bev\u00e6gelige kropsdele, en trilleb\u00f8r, skovl og sk\u00e6g til kreativ leg p\u00e5 b\u00f8rnev\u00e6relset.<\/p>\n","protected":false},"excerpt":{"rendered":"<p>Bruder Figur kommunal arbejdsmand med trilleb\u00f8r og tilbeh\u00f8r.<\/p>\n","protected":false},"featured_media":0,"template":"","meta":{"content-type":"","_monsterinsights_skip_tracking":false,"_monsterinsights_sitenote_active":false,"_monsterinsights_sitenote_note":"","_monsterinsights_sitenote_category":0},"product_brand":[],"product_cat":[1498],"product_tag":[],"brand":[],"target-group":[],"discontinued":[],"class_list":{"0":"post-560911","1":"product","2":"type-product","3":"status-publish","5":"product_cat-bruder-legetoej","7":"first","8":"instock","9":"taxable","10":"shipping-taxable","11":"product-type-simple"},"aioseo_notices":[],"_links":{"self":[{"href":"https:\/\/games.tactic.net\/da\/wp-json\/wp\/v2\/product\/560911","targetHints":{"allow":["GET"]}}],"collection":[{"href":"https:\/\/games.tactic.net\/da\/wp-json\/wp\/v2\/product"}],"about":[{"href":"https:\/\/games.tactic.net\/da\/wp-json\/wp\/v2\/types\/product"}],"wp:attachment":[{"href":"https:\/\/games.tactic.net\/da\/wp-json\/wp\/v2\/media?parent=560911"}],"wp:term":[{"taxonomy":"product_brand","embeddable":true,"href":"https:\/\/games.tactic.net\/da\/wp-json\/wp\/v2\/product_brand?post=560911"},{"taxonomy":"product_cat","embeddable":true,"href":"https:\/\/games.tactic.net\/da\/wp-json\/wp\/v2\/product_cat?post=560911"},{"taxonomy":"product_tag","embeddable":true,"href":"https:\/\/games.tactic.net\/da\/wp-json\/wp\/v2\/product_tag?post=560911"},{"taxonomy":"brand","embeddable":true,"href":"https:\/\/games.tactic.net\/da\/wp-json\/wp\/v2\/brand?post=560911"},{"taxonomy":"target-group","embeddable":true,"href":"https:\/\/games.tactic.net\/da\/wp-json\/wp\/v2\/target-group?post=560911"},{"taxonomy":"discontinued","embeddable":true,"href":"https:\/\/games.tactic.net\/da\/wp-json\/wp\/v2\/discontinued?post=560911"}],"curies":[{"name":"wp","href":"https:\/\/api.w.org\/{rel}","templated":true}]}}