{"id":56078,"date":"2021-01-21T12:36:52","date_gmt":"2021-01-21T10:36:52","guid":{"rendered":"https:\/\/dev.tactic.net\/tuote\/molkky\/"},"modified":"2023-10-06T18:32:17","modified_gmt":"2023-10-06T15:32:17","slug":"molkky","status":"publish","type":"product","link":"https:\/\/games.tactic.net\/da\/tuote\/molkky\/","title":{"rendered":"M\u00f6lkky\u00ae Original throwing game"},"content":{"rendered":"<p>Bedst s\u00e6lgende udend\u00f8rs spil i Norden! M\u00f6lkky\u00ae er en sjov m\u00e5de at tr\u00e6ffe nye mennesker eller more sig med familie, venner eller kolleger. Der kr\u00e6ves ingen fysisk styrke. Succesen er baseret p\u00e5 en kombination af held og n\u00f8jagtighed. Alt der beh\u00f8ves, er en plads udend\u00f8rs \u2013 en have, en park eller en gr\u00e6spl\u00e6ne \u2013 nogle venner og et s\u00e6t M\u00f6lkky\u00ae pinde. Den f\u00f8rste, der f\u00e5r 50 point i tr\u00e6pinde med et M\u00f6lkky\u00ae-kast, vinder. 31,5 x 23 x 19 cm, 4,390 kg www.molkky.com<\/p>\n","protected":false},"excerpt":{"rendered":"<p>Bedst s\u00e6lgende udend\u00f8rs spil i Norden! M\u00f6lkky\u00ae er en sjov m\u00e5de at tr\u00e6ffe nye mennesker eller more sig med familie, venner eller kolleger.<\/p>\n","protected":false},"featured_media":0,"template":"","meta":{"content-type":"","_monsterinsights_skip_tracking":false,"_monsterinsights_sitenote_active":false,"_monsterinsights_sitenote_note":"","_monsterinsights_sitenote_category":0},"product_brand":[],"product_cat":[1635],"product_tag":[1223,1250],"brand":[{"id":1864,"name":"M\u00f6lkky","slug":"molkky_dk"}],"target-group":[],"discontinued":[],"class_list":{"0":"post-56078","1":"product","2":"type-product","3":"status-publish","5":"product_cat-spil","6":"product_tag-aktive-da","7":"product_tag-faerdighed-da","8":"brand-molkky_dk","10":"first","11":"instock","12":"taxable","13":"shipping-taxable","14":"product-type-simple"},"aioseo_notices":[],"_links":{"self":[{"href":"https:\/\/games.tactic.net\/da\/wp-json\/wp\/v2\/product\/56078","targetHints":{"allow":["GET"]}}],"collection":[{"href":"https:\/\/games.tactic.net\/da\/wp-json\/wp\/v2\/product"}],"about":[{"href":"https:\/\/games.tactic.net\/da\/wp-json\/wp\/v2\/types\/product"}],"wp:attachment":[{"href":"https:\/\/games.tactic.net\/da\/wp-json\/wp\/v2\/media?parent=56078"}],"wp:term":[{"taxonomy":"product_brand","embeddable":true,"href":"https:\/\/games.tactic.net\/da\/wp-json\/wp\/v2\/product_brand?post=56078"},{"taxonomy":"product_cat","embeddable":true,"href":"https:\/\/games.tactic.net\/da\/wp-json\/wp\/v2\/product_cat?post=56078"},{"taxonomy":"product_tag","embeddable":true,"href":"https:\/\/games.tactic.net\/da\/wp-json\/wp\/v2\/product_tag?post=56078"},{"taxonomy":"brand","embeddable":true,"href":"https:\/\/games.tactic.net\/da\/wp-json\/wp\/v2\/brand?post=56078"},{"taxonomy":"target-group","embeddable":true,"href":"https:\/\/games.tactic.net\/da\/wp-json\/wp\/v2\/target-group?post=56078"},{"taxonomy":"discontinued","embeddable":true,"href":"https:\/\/games.tactic.net\/da\/wp-json\/wp\/v2\/discontinued?post=56078"}],"curies":[{"name":"wp","href":"https:\/\/api.w.org\/{rel}","templated":true}]}}