{"id":56074,"date":"2019-11-09T01:00:30","date_gmt":"2021-01-21T10:34:55","guid":{"rendered":"https:\/\/dev.tactic.net\/tuote\/molkky-pointblok\/"},"modified":"2023-10-25T15:59:26","modified_gmt":"2023-10-25T12:59:26","slug":"molkky-pointblok","status":"publish","type":"product","link":"https:\/\/games.tactic.net\/da\/tuote\/molkky-pointblok\/","title":{"rendered":"M\u00f6lkky\u00ae Pointblok"},"content":{"rendered":"<p>L\u00f8b aldrig t\u00f8r for M\u00f6lkky\u00ae pointark igen.<\/p>\n","protected":false},"excerpt":{"rendered":"<p>L\u00f8b aldrig t\u00f8r for M\u00f6lkky\u00ae pointark igen.<\/p>\n","protected":false},"featured_media":0,"template":"","meta":{"content-type":"","_monsterinsights_skip_tracking":false,"_monsterinsights_sitenote_active":false,"_monsterinsights_sitenote_note":"","_monsterinsights_sitenote_category":0},"product_brand":[],"product_cat":[1634],"product_tag":[1241],"brand":[{"id":1864,"name":"M\u00f6lkky","slug":"molkky_dk"}],"target-group":[],"discontinued":[],"class_list":{"0":"post-56074","1":"product","2":"type-product","3":"status-publish","5":"product_cat-tilbehoer","6":"product_tag-beregning-da","7":"brand-molkky_dk","9":"first","10":"outofstock","11":"taxable","12":"shipping-taxable","13":"product-type-simple"},"aioseo_notices":[],"_links":{"self":[{"href":"https:\/\/games.tactic.net\/da\/wp-json\/wp\/v2\/product\/56074","targetHints":{"allow":["GET"]}}],"collection":[{"href":"https:\/\/games.tactic.net\/da\/wp-json\/wp\/v2\/product"}],"about":[{"href":"https:\/\/games.tactic.net\/da\/wp-json\/wp\/v2\/types\/product"}],"wp:attachment":[{"href":"https:\/\/games.tactic.net\/da\/wp-json\/wp\/v2\/media?parent=56074"}],"wp:term":[{"taxonomy":"product_brand","embeddable":true,"href":"https:\/\/games.tactic.net\/da\/wp-json\/wp\/v2\/product_brand?post=56074"},{"taxonomy":"product_cat","embeddable":true,"href":"https:\/\/games.tactic.net\/da\/wp-json\/wp\/v2\/product_cat?post=56074"},{"taxonomy":"product_tag","embeddable":true,"href":"https:\/\/games.tactic.net\/da\/wp-json\/wp\/v2\/product_tag?post=56074"},{"taxonomy":"brand","embeddable":true,"href":"https:\/\/games.tactic.net\/da\/wp-json\/wp\/v2\/brand?post=56074"},{"taxonomy":"target-group","embeddable":true,"href":"https:\/\/games.tactic.net\/da\/wp-json\/wp\/v2\/target-group?post=56074"},{"taxonomy":"discontinued","embeddable":true,"href":"https:\/\/games.tactic.net\/da\/wp-json\/wp\/v2\/discontinued?post=56074"}],"curies":[{"name":"wp","href":"https:\/\/api.w.org\/{rel}","templated":true}]}}