{"id":549196,"date":"2022-04-20T15:32:00","date_gmt":"2022-04-20T12:32:00","guid":{"rendered":"http:\/\/games.tactic.net\/tuote\/green-toys-bondegaard\/"},"modified":"2023-12-12T18:52:09","modified_gmt":"2023-12-12T16:52:09","slug":"green-toys-bondegaard","status":"archive","type":"product","link":"https:\/\/games.tactic.net\/da\/tuote\/green-toys-bondegaard\/","title":{"rendered":"Green Toys Bondeg\u00e5rd"},"content":{"rendered":"<p>Bondeg\u00e5rd med tilbeh\u00f8r. 13 pieces, including: Barn, Pick-up Truck, Hog Shed, 4 Fences, 2 Pigs, 2 Sheep, and 2 Farmer Cow characters. For ages 2 to 6 years. Dimensions: 8-3\/4\u201d L x 5-3\/4\u201d W x 9-3\/4\u201d H. Pick-up Truck: 5-3\/4\u201d L x 4-1\/2\u201d W x 5\u201d H.<\/p>\n","protected":false},"excerpt":{"rendered":"<p>Bondeg\u00e5rd med tilbeh\u00f8r.<\/p>\n","protected":false},"featured_media":0,"template":"","meta":{"content-type":"","_monsterinsights_skip_tracking":false,"_monsterinsights_sitenote_active":false,"_monsterinsights_sitenote_note":"","_monsterinsights_sitenote_category":0},"product_brand":[],"product_cat":[2035],"product_tag":[],"brand":[],"target-group":[],"discontinued":[],"class_list":{"0":"post-549196","1":"product","2":"type-product","3":"status-archive","5":"product_cat-green-toys-oekologisk-legetoej","7":"first","8":"outofstock","9":"taxable","10":"shipping-taxable","11":"product-type-simple"},"aioseo_notices":[],"_links":{"self":[{"href":"https:\/\/games.tactic.net\/da\/wp-json\/wp\/v2\/product\/549196","targetHints":{"allow":["GET"]}}],"collection":[{"href":"https:\/\/games.tactic.net\/da\/wp-json\/wp\/v2\/product"}],"about":[{"href":"https:\/\/games.tactic.net\/da\/wp-json\/wp\/v2\/types\/product"}],"wp:attachment":[{"href":"https:\/\/games.tactic.net\/da\/wp-json\/wp\/v2\/media?parent=549196"}],"wp:term":[{"taxonomy":"product_brand","embeddable":true,"href":"https:\/\/games.tactic.net\/da\/wp-json\/wp\/v2\/product_brand?post=549196"},{"taxonomy":"product_cat","embeddable":true,"href":"https:\/\/games.tactic.net\/da\/wp-json\/wp\/v2\/product_cat?post=549196"},{"taxonomy":"product_tag","embeddable":true,"href":"https:\/\/games.tactic.net\/da\/wp-json\/wp\/v2\/product_tag?post=549196"},{"taxonomy":"brand","embeddable":true,"href":"https:\/\/games.tactic.net\/da\/wp-json\/wp\/v2\/brand?post=549196"},{"taxonomy":"target-group","embeddable":true,"href":"https:\/\/games.tactic.net\/da\/wp-json\/wp\/v2\/target-group?post=549196"},{"taxonomy":"discontinued","embeddable":true,"href":"https:\/\/games.tactic.net\/da\/wp-json\/wp\/v2\/discontinued?post=549196"}],"curies":[{"name":"wp","href":"https:\/\/api.w.org\/{rel}","templated":true}]}}