{"id":53188,"date":"2020-12-04T13:00:57","date_gmt":"2020-12-04T11:00:57","guid":{"rendered":"https:\/\/dev.tactic.net\/tuote\/draw-out-extreme\/"},"modified":"2022-01-21T14:17:56","modified_gmt":"2022-01-21T12:17:56","slug":"draw-out-extreme","status":"publish","type":"product","link":"https:\/\/games.tactic.net\/da\/tuote\/draw-out-extreme\/","title":{"rendered":"Tactic Draw Out Extreme"},"content":{"rendered":"<p>Du har aldrig haft det sjovere med en pen! Kast terningen og se om du skal binde pennen rundt om hovedet, armen eller benet \u2013 eller om du skal bruge den ustabile pen. Derefter skal du tegne, mens de andre pr\u00f8ver at g\u00e6tte ordet, p\u00e5 det du tegner. Flest rigtigt g\u00e6ttede ord betyder sejr!<\/p>\n","protected":false},"excerpt":{"rendered":"<p>Du har aldrig haft det sjovere med en pen! Kast terningen og se om du skal binde pennen rundt om hovedet, armen eller benet \u2013 eller om du skal bruge den ustabile pen. Derefter skal du tegne, mens de andre pr\u00f8ver at g\u00e6tte ordet, p\u00e5 det du tegner. Flest rigtigt g\u00e6ttede ord betyder sejr!<\/p>\n","protected":false},"featured_media":0,"template":"","meta":{"content-type":"","_monsterinsights_skip_tracking":false,"_monsterinsights_sitenote_active":false,"_monsterinsights_sitenote_note":"","_monsterinsights_sitenote_category":0},"product_brand":[],"product_cat":[1586],"product_tag":[],"brand":[],"target-group":[],"discontinued":[],"class_list":{"0":"post-53188","1":"product","2":"type-product","3":"status-publish","5":"product_cat-party-spil","7":"first","8":"instock","9":"taxable","10":"shipping-taxable","11":"product-type-simple"},"aioseo_notices":[],"_links":{"self":[{"href":"https:\/\/games.tactic.net\/da\/wp-json\/wp\/v2\/product\/53188","targetHints":{"allow":["GET"]}}],"collection":[{"href":"https:\/\/games.tactic.net\/da\/wp-json\/wp\/v2\/product"}],"about":[{"href":"https:\/\/games.tactic.net\/da\/wp-json\/wp\/v2\/types\/product"}],"wp:attachment":[{"href":"https:\/\/games.tactic.net\/da\/wp-json\/wp\/v2\/media?parent=53188"}],"wp:term":[{"taxonomy":"product_brand","embeddable":true,"href":"https:\/\/games.tactic.net\/da\/wp-json\/wp\/v2\/product_brand?post=53188"},{"taxonomy":"product_cat","embeddable":true,"href":"https:\/\/games.tactic.net\/da\/wp-json\/wp\/v2\/product_cat?post=53188"},{"taxonomy":"product_tag","embeddable":true,"href":"https:\/\/games.tactic.net\/da\/wp-json\/wp\/v2\/product_tag?post=53188"},{"taxonomy":"brand","embeddable":true,"href":"https:\/\/games.tactic.net\/da\/wp-json\/wp\/v2\/brand?post=53188"},{"taxonomy":"target-group","embeddable":true,"href":"https:\/\/games.tactic.net\/da\/wp-json\/wp\/v2\/target-group?post=53188"},{"taxonomy":"discontinued","embeddable":true,"href":"https:\/\/games.tactic.net\/da\/wp-json\/wp\/v2\/discontinued?post=53188"}],"curies":[{"name":"wp","href":"https:\/\/api.w.org\/{rel}","templated":true}]}}