{"id":52961,"date":"2020-12-04T11:45:40","date_gmt":"2020-12-04T09:45:40","guid":{"rendered":"https:\/\/dev.tactic.net\/tuote\/alibaba\/"},"modified":"2023-10-25T13:19:43","modified_gmt":"2023-10-25T10:19:43","slug":"alibaba","status":"publish","type":"product","link":"https:\/\/games.tactic.net\/da\/tuote\/alibaba\/","title":{"rendered":"Tactic Alibaba board game"},"content":{"rendered":"<p>Hj\u00e6lp Alibaba med at pakke sin kamel til en rejse gennem \u00f8rkenen. Tag et kort og l\u00e6g objektet, som vises p\u00e5 kortet, forsigtigt p\u00e5 kamelen. Men pas p\u00e5! for kamelen er gnaven, og hvis den bliver irriteret, smider den tingene af. Spilleren med flest point vinder.<\/p>\n","protected":false},"excerpt":{"rendered":"<p>Hj\u00e6lp Alibaba med at pakke sin kamel til en rejse gennem \u00f8rkenen. Tag et kort og l\u00e6g objektet, som vises p\u00e5 kortet, forsigtigt p\u00e5 kamelen. Men pas p\u00e5! for kamelen er gnaven, og hvis den bliver irriteret, smider den tingene af. Spilleren med flest point vinder.<\/p>\n","protected":false},"featured_media":0,"template":"","meta":{"content-type":"","_monsterinsights_skip_tracking":false,"_monsterinsights_sitenote_active":false,"_monsterinsights_sitenote_note":"","_monsterinsights_sitenote_category":0},"product_brand":[],"product_cat":[1455,1574],"product_tag":[1223,1228],"brand":[],"target-group":[],"discontinued":[],"class_list":{"0":"post-52961","1":"product","2":"type-product","3":"status-publish","5":"product_cat-braetspil","6":"product_cat-boerne-braetspil","7":"product_tag-aktive-da","8":"product_tag-kreativitet-da","10":"first","11":"instock","12":"taxable","13":"shipping-taxable","14":"product-type-simple"},"aioseo_notices":[],"_links":{"self":[{"href":"https:\/\/games.tactic.net\/da\/wp-json\/wp\/v2\/product\/52961","targetHints":{"allow":["GET"]}}],"collection":[{"href":"https:\/\/games.tactic.net\/da\/wp-json\/wp\/v2\/product"}],"about":[{"href":"https:\/\/games.tactic.net\/da\/wp-json\/wp\/v2\/types\/product"}],"wp:attachment":[{"href":"https:\/\/games.tactic.net\/da\/wp-json\/wp\/v2\/media?parent=52961"}],"wp:term":[{"taxonomy":"product_brand","embeddable":true,"href":"https:\/\/games.tactic.net\/da\/wp-json\/wp\/v2\/product_brand?post=52961"},{"taxonomy":"product_cat","embeddable":true,"href":"https:\/\/games.tactic.net\/da\/wp-json\/wp\/v2\/product_cat?post=52961"},{"taxonomy":"product_tag","embeddable":true,"href":"https:\/\/games.tactic.net\/da\/wp-json\/wp\/v2\/product_tag?post=52961"},{"taxonomy":"brand","embeddable":true,"href":"https:\/\/games.tactic.net\/da\/wp-json\/wp\/v2\/brand?post=52961"},{"taxonomy":"target-group","embeddable":true,"href":"https:\/\/games.tactic.net\/da\/wp-json\/wp\/v2\/target-group?post=52961"},{"taxonomy":"discontinued","embeddable":true,"href":"https:\/\/games.tactic.net\/da\/wp-json\/wp\/v2\/discontinued?post=52961"}],"curies":[{"name":"wp","href":"https:\/\/api.w.org\/{rel}","templated":true}]}}