{"id":527862,"date":"2022-03-28T07:54:33","date_gmt":"2022-03-28T04:54:33","guid":{"rendered":"http:\/\/games.tactic.net\/tuote\/laer-om-faerdigheder\/"},"modified":"2023-10-17T19:22:23","modified_gmt":"2023-10-17T16:22:23","slug":"laer-om-faerdigheder","status":"publish","type":"product","link":"https:\/\/games.tactic.net\/da\/tuote\/laer-om-faerdigheder\/","title":{"rendered":"Tactic L\u00e6r om F\u00e6rdigheder"},"content":{"rendered":"<p>Sommetider er spil den bedste m\u00e5de at l\u00e6re nye ting p\u00e5. Dette spil er proppet med sjove opgaver, der aktiverer b\u00f8rns hjerne eller krop, og de l\u00e6rer nye f\u00e6rdigheder. Vis hvad du duer til med L\u00e6r om \u2013 F\u00e6rdigheder og forts\u00e6t med at l\u00e6re nyt.<\/p>\n","protected":false},"excerpt":{"rendered":"<p>Sommetider er spil den bedste m\u00e5de at l\u00e6re nye ting p\u00e5. Dette spil er proppet med sjove opgaver, der aktiverer b\u00f8rns hjerne eller krop, og de l\u00e6rer nye f\u00e6rdigheder. Vis hvad du duer til med L\u00e6r om \u2013 F\u00e6rdigheder og forts\u00e6t med at l\u00e6re nyt.<\/p>\n","protected":false},"featured_media":0,"template":"","meta":{"content-type":"","_monsterinsights_skip_tracking":false,"_monsterinsights_sitenote_active":false,"_monsterinsights_sitenote_note":"","_monsterinsights_sitenote_category":0},"product_brand":[],"product_cat":[1590],"product_tag":[1256],"brand":[{"id":859,"name":"Let's Learn","slug":"letslearn-da"}],"target-group":[],"discontinued":[],"class_list":{"0":"post-527862","1":"product","2":"type-product","3":"status-publish","5":"product_cat-laeringsspil","6":"product_tag-paedagogisk-da","7":"brand-letslearn-da","9":"first","10":"instock","11":"taxable","12":"shipping-taxable","13":"product-type-simple"},"aioseo_notices":[],"_links":{"self":[{"href":"https:\/\/games.tactic.net\/da\/wp-json\/wp\/v2\/product\/527862","targetHints":{"allow":["GET"]}}],"collection":[{"href":"https:\/\/games.tactic.net\/da\/wp-json\/wp\/v2\/product"}],"about":[{"href":"https:\/\/games.tactic.net\/da\/wp-json\/wp\/v2\/types\/product"}],"wp:attachment":[{"href":"https:\/\/games.tactic.net\/da\/wp-json\/wp\/v2\/media?parent=527862"}],"wp:term":[{"taxonomy":"product_brand","embeddable":true,"href":"https:\/\/games.tactic.net\/da\/wp-json\/wp\/v2\/product_brand?post=527862"},{"taxonomy":"product_cat","embeddable":true,"href":"https:\/\/games.tactic.net\/da\/wp-json\/wp\/v2\/product_cat?post=527862"},{"taxonomy":"product_tag","embeddable":true,"href":"https:\/\/games.tactic.net\/da\/wp-json\/wp\/v2\/product_tag?post=527862"},{"taxonomy":"brand","embeddable":true,"href":"https:\/\/games.tactic.net\/da\/wp-json\/wp\/v2\/brand?post=527862"},{"taxonomy":"target-group","embeddable":true,"href":"https:\/\/games.tactic.net\/da\/wp-json\/wp\/v2\/target-group?post=527862"},{"taxonomy":"discontinued","embeddable":true,"href":"https:\/\/games.tactic.net\/da\/wp-json\/wp\/v2\/discontinued?post=527862"}],"curies":[{"name":"wp","href":"https:\/\/api.w.org\/{rel}","templated":true}]}}