{"id":527019,"date":"2022-03-25T12:29:38","date_gmt":"2022-03-25T10:29:38","guid":{"rendered":"http:\/\/games.tactic.net\/tuote\/lets-learn-english\/"},"modified":"2023-09-26T14:12:41","modified_gmt":"2023-09-26T11:12:41","slug":"lets-learn-english","status":"publish","type":"product","link":"https:\/\/games.tactic.net\/da\/tuote\/lets-learn-english\/","title":{"rendered":"Tactic L\u00e6r om Engelsk"},"content":{"rendered":"<p>At l\u00e6re fremmedsprog er vigtigt, men det kan ogs\u00e5 v\u00e6re meget morsomt. L\u00e6r om \u2013 Engelsk indeholder farverige billedkort, som b\u00f8rnene skal bruge og sige ordet p\u00e5 engelsk eller dansk. Den voksne kan hj\u00e6lpe med at tjekke svaret og opmuntre spillerne til at l\u00e6re mere.<\/p>\n","protected":false},"excerpt":{"rendered":"<p>At l\u00e6re fremmedsprog er vigtigt, men det kan ogs\u00e5 v\u00e6re meget morsomt. L\u00e6r om \u2013 Engelsk indeholder farverige billedkort, som b\u00f8rnene skal bruge og sige ordet p\u00e5 engelsk eller dansk. Den voksne kan hj\u00e6lpe med at tjekke svaret og opmuntre spillerne til at l\u00e6re mere.<\/p>\n","protected":false},"featured_media":0,"template":"","meta":{"content-type":"","_monsterinsights_skip_tracking":false,"_monsterinsights_sitenote_active":false,"_monsterinsights_sitenote_note":"","_monsterinsights_sitenote_category":0},"product_brand":[],"product_cat":[1590],"product_tag":[1256],"brand":[{"id":859,"name":"Let's Learn","slug":"letslearn-da"}],"target-group":[],"discontinued":[],"class_list":{"0":"post-527019","1":"product","2":"type-product","3":"status-publish","5":"product_cat-laeringsspil","6":"product_tag-paedagogisk-da","7":"brand-letslearn-da","9":"first","10":"instock","11":"taxable","12":"shipping-taxable","13":"product-type-simple"},"aioseo_notices":[],"_links":{"self":[{"href":"https:\/\/games.tactic.net\/da\/wp-json\/wp\/v2\/product\/527019","targetHints":{"allow":["GET"]}}],"collection":[{"href":"https:\/\/games.tactic.net\/da\/wp-json\/wp\/v2\/product"}],"about":[{"href":"https:\/\/games.tactic.net\/da\/wp-json\/wp\/v2\/types\/product"}],"wp:attachment":[{"href":"https:\/\/games.tactic.net\/da\/wp-json\/wp\/v2\/media?parent=527019"}],"wp:term":[{"taxonomy":"product_brand","embeddable":true,"href":"https:\/\/games.tactic.net\/da\/wp-json\/wp\/v2\/product_brand?post=527019"},{"taxonomy":"product_cat","embeddable":true,"href":"https:\/\/games.tactic.net\/da\/wp-json\/wp\/v2\/product_cat?post=527019"},{"taxonomy":"product_tag","embeddable":true,"href":"https:\/\/games.tactic.net\/da\/wp-json\/wp\/v2\/product_tag?post=527019"},{"taxonomy":"brand","embeddable":true,"href":"https:\/\/games.tactic.net\/da\/wp-json\/wp\/v2\/brand?post=527019"},{"taxonomy":"target-group","embeddable":true,"href":"https:\/\/games.tactic.net\/da\/wp-json\/wp\/v2\/target-group?post=527019"},{"taxonomy":"discontinued","embeddable":true,"href":"https:\/\/games.tactic.net\/da\/wp-json\/wp\/v2\/discontinued?post=527019"}],"curies":[{"name":"wp","href":"https:\/\/api.w.org\/{rel}","templated":true}]}}