{"id":522354,"date":"2022-03-22T13:23:15","date_gmt":"2022-03-22T11:23:15","guid":{"rendered":"http:\/\/games.tactic.net\/tuote\/jeg-er-alias\/"},"modified":"2022-03-22T13:23:15","modified_gmt":"2022-03-22T11:23:15","slug":"jeg-er-alias","status":"archive","type":"product","link":"https:\/\/games.tactic.net\/da\/tuote\/jeg-er-alias\/","title":{"rendered":"Jeg er&#8230; Alias"},"content":{"rendered":"<div>Alle spillere tager et pandeb\u00e5nd med et kort p\u00e5. Nu skal spillerne skiftes til at forklare de andre, hvilken personlighed der er p\u00e5 deres pandeb\u00e5nd. Den der klarer sig bedst efter et bestemt antal runder, vinder spillet.<\/div>\n<div><\/div>\n<div>\u2022 Alle spiller samtidigt.<\/div>\n<div>\u2022 Spillet er fuld af morsomme personligheder og sjove \u00f8jeblikke.<\/div>\n<div>\u2022 Et hurtigt og grinagtigt ordforklaringsspil.<\/div>\n<div><\/div>\n<div><img decoding=\"async\" src=\"http:\/\/www.tactic.net\/img\/nuoli.png\" alt=\"Nuoli\" align=\"none\"><a href=\"http:\/\/alias.eu\/\" title=\"Alias.eu\" target=\"_blank\" rel=\"noopener\">Alias.eu<\/a><\/div>\n","protected":false},"excerpt":{"rendered":"<p>Alle spillere tager et pandeb\u00e5nd med et kort p\u00e5. Nu skal spillerne skiftes til at forklare de andre, hvilken personlighed der er p\u00e5 deres pandeb\u00e5nd. Den der klarer sig bedst efter et bestemt antal runder, vinder spillet.<\/p>\n","protected":false},"featured_media":0,"template":"","meta":{"content-type":"","_monsterinsights_skip_tracking":false,"_monsterinsights_sitenote_active":false,"_monsterinsights_sitenote_note":"","_monsterinsights_sitenote_category":0},"product_brand":[],"product_cat":[2022,310,542,2021],"product_tag":[],"brand":[],"target-group":[],"discontinued":[],"class_list":{"0":"post-522354","1":"product","2":"type-product","3":"status-archive","5":"product_cat-alias-3","6":"product_cat-bornespil","7":"product_cat-familiespil","8":"product_cat-selskabsspil","10":"first","11":"outofstock","12":"taxable","13":"shipping-taxable","14":"product-type-simple"},"aioseo_notices":[],"_links":{"self":[{"href":"https:\/\/games.tactic.net\/da\/wp-json\/wp\/v2\/product\/522354","targetHints":{"allow":["GET"]}}],"collection":[{"href":"https:\/\/games.tactic.net\/da\/wp-json\/wp\/v2\/product"}],"about":[{"href":"https:\/\/games.tactic.net\/da\/wp-json\/wp\/v2\/types\/product"}],"wp:attachment":[{"href":"https:\/\/games.tactic.net\/da\/wp-json\/wp\/v2\/media?parent=522354"}],"wp:term":[{"taxonomy":"product_brand","embeddable":true,"href":"https:\/\/games.tactic.net\/da\/wp-json\/wp\/v2\/product_brand?post=522354"},{"taxonomy":"product_cat","embeddable":true,"href":"https:\/\/games.tactic.net\/da\/wp-json\/wp\/v2\/product_cat?post=522354"},{"taxonomy":"product_tag","embeddable":true,"href":"https:\/\/games.tactic.net\/da\/wp-json\/wp\/v2\/product_tag?post=522354"},{"taxonomy":"brand","embeddable":true,"href":"https:\/\/games.tactic.net\/da\/wp-json\/wp\/v2\/brand?post=522354"},{"taxonomy":"target-group","embeddable":true,"href":"https:\/\/games.tactic.net\/da\/wp-json\/wp\/v2\/target-group?post=522354"},{"taxonomy":"discontinued","embeddable":true,"href":"https:\/\/games.tactic.net\/da\/wp-json\/wp\/v2\/discontinued?post=522354"}],"curies":[{"name":"wp","href":"https:\/\/api.w.org\/{rel}","templated":true}]}}