{"id":522198,"date":"2022-03-22T13:21:05","date_gmt":"2022-03-22T11:21:05","guid":{"rendered":"http:\/\/games.tactic.net\/tuote\/domino-dobbelt-12\/"},"modified":"2022-03-22T13:21:05","modified_gmt":"2022-03-22T11:21:05","slug":"domino-dobbelt-12","status":"archive","type":"product","link":"https:\/\/games.tactic.net\/da\/tuote\/domino-dobbelt-12\/","title":{"rendered":"Domino Dobbelt 12"},"content":{"rendered":"<p>Dette herlige nye dominospil vil du nyde at spille igen og igen. L\u00e6g dine brikker og pr\u00f8v at blive den f\u00f8rste som bliver af med den sidste brik.<\/p>\n<div><\/div>\n<div>\u2022 Solid blik\u00e6ske med vindue<\/div>\n<div>\u2022 Brikkernes farvede prikker forenkler spillet for alle<\/div>\n<div>\u2022 Tydelige regler g\u00f8r spillet let at l\u00e6re, ogs\u00e5 for begyndere<\/div>\n<div>\u2022 Indeholder 91 domino brikker<\/div>\n","protected":false},"excerpt":{"rendered":"<p>Dette herlige nye dominospil vil du nyde at spille igen og igen. L\u00e6g dine brikker og pr\u00f8v at blive den f\u00f8rste som bliver af med den sidste brik.<\/p>\n","protected":false},"featured_media":0,"template":"","meta":{"content-type":"","_monsterinsights_skip_tracking":false,"_monsterinsights_sitenote_active":false,"_monsterinsights_sitenote_note":"","_monsterinsights_sitenote_category":0},"product_brand":[],"product_cat":[1601,1609],"product_tag":[1232,1237],"brand":[],"target-group":[],"discontinued":[],"class_list":{"0":"post-522198","1":"product","2":"type-product","3":"status-archive","5":"product_cat-klassiske-spil-familiespil","6":"product_cat-klassiske-spil-voksenspil","7":"product_tag-kombinere-da","8":"product_tag-strategi-da","10":"first","11":"outofstock","12":"taxable","13":"shipping-taxable","14":"product-type-simple"},"aioseo_notices":[],"_links":{"self":[{"href":"https:\/\/games.tactic.net\/da\/wp-json\/wp\/v2\/product\/522198","targetHints":{"allow":["GET"]}}],"collection":[{"href":"https:\/\/games.tactic.net\/da\/wp-json\/wp\/v2\/product"}],"about":[{"href":"https:\/\/games.tactic.net\/da\/wp-json\/wp\/v2\/types\/product"}],"wp:attachment":[{"href":"https:\/\/games.tactic.net\/da\/wp-json\/wp\/v2\/media?parent=522198"}],"wp:term":[{"taxonomy":"product_brand","embeddable":true,"href":"https:\/\/games.tactic.net\/da\/wp-json\/wp\/v2\/product_brand?post=522198"},{"taxonomy":"product_cat","embeddable":true,"href":"https:\/\/games.tactic.net\/da\/wp-json\/wp\/v2\/product_cat?post=522198"},{"taxonomy":"product_tag","embeddable":true,"href":"https:\/\/games.tactic.net\/da\/wp-json\/wp\/v2\/product_tag?post=522198"},{"taxonomy":"brand","embeddable":true,"href":"https:\/\/games.tactic.net\/da\/wp-json\/wp\/v2\/brand?post=522198"},{"taxonomy":"target-group","embeddable":true,"href":"https:\/\/games.tactic.net\/da\/wp-json\/wp\/v2\/target-group?post=522198"},{"taxonomy":"discontinued","embeddable":true,"href":"https:\/\/games.tactic.net\/da\/wp-json\/wp\/v2\/discontinued?post=522198"}],"curies":[{"name":"wp","href":"https:\/\/api.w.org\/{rel}","templated":true}]}}