{"id":520935,"date":"2022-03-22T10:30:44","date_gmt":"2022-03-22T08:30:44","guid":{"rendered":"http:\/\/games.tactic.net\/tuote\/travel-skal-vi-vaedde-2\/"},"modified":"2023-09-27T12:30:04","modified_gmt":"2023-09-27T09:30:04","slug":"travel-skal-vi-vaedde-2","status":"publish","type":"product","link":"https:\/\/games.tactic.net\/da\/tuote\/travel-skal-vi-vaedde-2\/","title":{"rendered":"Tactic Skal vi v\u00e6dde 2 rejsespil"},"content":{"rendered":"<p>Hver enkelt spiller pr\u00f8ver at l\u00f8se fysiske og mentale opgaver for at vinde, mens de andre spillere v\u00e6dder om vedkommende klarer opgaven eller ej<\/p>\n","protected":false},"excerpt":{"rendered":"<p>Hver enkelt spiller pr\u00f8ver at l\u00f8se fysiske og mentale opgaver for at vinde, mens de andre spillere v\u00e6dder om vedkommende klarer opgaven eller ej<\/p>\n","protected":false},"featured_media":0,"template":"","meta":{"content-type":"","_monsterinsights_skip_tracking":false,"_monsterinsights_sitenote_active":false,"_monsterinsights_sitenote_note":"","_monsterinsights_sitenote_category":0},"product_brand":[],"product_cat":[1585,2031],"product_tag":[1250],"brand":[],"target-group":[],"discontinued":[],"class_list":{"0":"post-520935","1":"product","2":"type-product","3":"status-publish","5":"product_cat-rejsespil-familiespil","6":"product_cat-rejsespil","7":"product_tag-faerdighed-da","9":"first","10":"instock","11":"taxable","12":"shipping-taxable","13":"product-type-simple"},"aioseo_notices":[],"_links":{"self":[{"href":"https:\/\/games.tactic.net\/da\/wp-json\/wp\/v2\/product\/520935","targetHints":{"allow":["GET"]}}],"collection":[{"href":"https:\/\/games.tactic.net\/da\/wp-json\/wp\/v2\/product"}],"about":[{"href":"https:\/\/games.tactic.net\/da\/wp-json\/wp\/v2\/types\/product"}],"wp:attachment":[{"href":"https:\/\/games.tactic.net\/da\/wp-json\/wp\/v2\/media?parent=520935"}],"wp:term":[{"taxonomy":"product_brand","embeddable":true,"href":"https:\/\/games.tactic.net\/da\/wp-json\/wp\/v2\/product_brand?post=520935"},{"taxonomy":"product_cat","embeddable":true,"href":"https:\/\/games.tactic.net\/da\/wp-json\/wp\/v2\/product_cat?post=520935"},{"taxonomy":"product_tag","embeddable":true,"href":"https:\/\/games.tactic.net\/da\/wp-json\/wp\/v2\/product_tag?post=520935"},{"taxonomy":"brand","embeddable":true,"href":"https:\/\/games.tactic.net\/da\/wp-json\/wp\/v2\/brand?post=520935"},{"taxonomy":"target-group","embeddable":true,"href":"https:\/\/games.tactic.net\/da\/wp-json\/wp\/v2\/target-group?post=520935"},{"taxonomy":"discontinued","embeddable":true,"href":"https:\/\/games.tactic.net\/da\/wp-json\/wp\/v2\/discontinued?post=520935"}],"curies":[{"name":"wp","href":"https:\/\/api.w.org\/{rel}","templated":true}]}}