{"id":519883,"date":"2022-03-21T12:06:22","date_gmt":"2022-03-21T10:06:22","guid":{"rendered":"http:\/\/games.tactic.net\/tuote\/totem-3\/"},"modified":"2024-04-12T09:16:41","modified_gmt":"2024-04-12T06:16:41","slug":"totem-3","status":"archive","type":"product","link":"https:\/\/games.tactic.net\/da\/tuote\/totem-3\/","title":{"rendered":"Totem"},"content":{"rendered":"<p>Brug symbolerne og find en vej til den anden side. I dette br\u00e6tspil for hele familien bruger spillerne symbolerne p\u00e5 brikkerne og spillebr\u00e6ttet for bane den bedste vej for sig selv \u2013 og blokere de andre spillere. Totem er nemt at l\u00e6re og har den perfekte udfordring. &#8211; Leveres med spillebrikker i kvalitetstr\u00e6. &#8211; Klassisk spilkoncept. &#8211; Et sp\u00e6ndende spil, der er nemt at l\u00e6re.<\/p>\n","protected":false},"excerpt":{"rendered":"<p>Brug symbolerne og find en vej til den anden side. I dette br\u00e6tspil for hele familien bruger spillerne symbolerne p\u00e5 brikkerne og spillebr\u00e6ttet for bane den bedste vej for sig selv \u2013 og blokere de andre spillere. Totem er nemt at l\u00e6re og har den perfekte udfordring. &#8211; Leveres med spillebrikker i kvalitetstr\u00e6. &#8211; Klassisk [&hellip;]<\/p>\n","protected":false},"featured_media":0,"template":"","meta":{"content-type":"","_monsterinsights_skip_tracking":false,"_monsterinsights_sitenote_active":false,"_monsterinsights_sitenote_note":"","_monsterinsights_sitenote_category":0},"product_brand":[],"product_cat":[1609,1620],"product_tag":[1237],"brand":[],"target-group":[],"discontinued":[],"class_list":{"0":"post-519883","1":"product","2":"type-product","3":"status-archive","5":"product_cat-klassiske-spil-voksenspil","6":"product_cat-strategiske-spil-familiespil","7":"product_tag-strategi-da","9":"first","10":"instock","11":"taxable","12":"shipping-taxable","13":"product-type-simple"},"aioseo_notices":[],"_links":{"self":[{"href":"https:\/\/games.tactic.net\/da\/wp-json\/wp\/v2\/product\/519883","targetHints":{"allow":["GET"]}}],"collection":[{"href":"https:\/\/games.tactic.net\/da\/wp-json\/wp\/v2\/product"}],"about":[{"href":"https:\/\/games.tactic.net\/da\/wp-json\/wp\/v2\/types\/product"}],"wp:attachment":[{"href":"https:\/\/games.tactic.net\/da\/wp-json\/wp\/v2\/media?parent=519883"}],"wp:term":[{"taxonomy":"product_brand","embeddable":true,"href":"https:\/\/games.tactic.net\/da\/wp-json\/wp\/v2\/product_brand?post=519883"},{"taxonomy":"product_cat","embeddable":true,"href":"https:\/\/games.tactic.net\/da\/wp-json\/wp\/v2\/product_cat?post=519883"},{"taxonomy":"product_tag","embeddable":true,"href":"https:\/\/games.tactic.net\/da\/wp-json\/wp\/v2\/product_tag?post=519883"},{"taxonomy":"brand","embeddable":true,"href":"https:\/\/games.tactic.net\/da\/wp-json\/wp\/v2\/brand?post=519883"},{"taxonomy":"target-group","embeddable":true,"href":"https:\/\/games.tactic.net\/da\/wp-json\/wp\/v2\/target-group?post=519883"},{"taxonomy":"discontinued","embeddable":true,"href":"https:\/\/games.tactic.net\/da\/wp-json\/wp\/v2\/discontinued?post=519883"}],"curies":[{"name":"wp","href":"https:\/\/api.w.org\/{rel}","templated":true}]}}