{"id":510421,"date":"2022-03-15T14:36:58","date_gmt":"2022-03-15T12:36:58","guid":{"rendered":"http:\/\/games.tactic.net\/tuote\/totem-2\/"},"modified":"2023-10-25T16:02:35","modified_gmt":"2023-10-25T13:02:35","slug":"totem-2","status":"publish","type":"product","link":"https:\/\/games.tactic.net\/da\/tuote\/totem-2\/","title":{"rendered":"Tactic Totem board game"},"content":{"rendered":"<p>Brug symbolerne og find en vej til den anden side. I dette br\u00e6tspil for hele familien bruger spillerne symbolerne p\u00e5 brikkerne og spillebr\u00e6ttet for bane den bedste vej for sig selv \u2013 og blokere de andre spillere. Totem er nemt at l\u00e6re og har den perfekte udfordring.<\/p>\n","protected":false},"excerpt":{"rendered":"<p>Brug symbolerne og find en vej til den anden side. I dette br\u00e6tspil for hele familien bruger spillerne symbolerne p\u00e5 brikkerne og spillebr\u00e6ttet for bane den bedste vej for sig selv \u2013 og blokere de andre spillere. Totem er nemt at l\u00e6re og har den perfekte udfordring.<\/p>\n","protected":false},"featured_media":0,"template":"","meta":{"content-type":"","_monsterinsights_skip_tracking":false,"_monsterinsights_sitenote_active":false,"_monsterinsights_sitenote_note":"","_monsterinsights_sitenote_category":0},"product_brand":[],"product_cat":[1591,1455],"product_tag":[],"brand":[],"target-group":[],"discontinued":[],"class_list":{"0":"post-510421","1":"product","2":"type-product","3":"status-publish","5":"product_cat-andre-spil","6":"product_cat-braetspil","8":"first","9":"instock","10":"taxable","11":"shipping-taxable","12":"product-type-simple"},"aioseo_notices":[],"_links":{"self":[{"href":"https:\/\/games.tactic.net\/da\/wp-json\/wp\/v2\/product\/510421","targetHints":{"allow":["GET"]}}],"collection":[{"href":"https:\/\/games.tactic.net\/da\/wp-json\/wp\/v2\/product"}],"about":[{"href":"https:\/\/games.tactic.net\/da\/wp-json\/wp\/v2\/types\/product"}],"wp:attachment":[{"href":"https:\/\/games.tactic.net\/da\/wp-json\/wp\/v2\/media?parent=510421"}],"wp:term":[{"taxonomy":"product_brand","embeddable":true,"href":"https:\/\/games.tactic.net\/da\/wp-json\/wp\/v2\/product_brand?post=510421"},{"taxonomy":"product_cat","embeddable":true,"href":"https:\/\/games.tactic.net\/da\/wp-json\/wp\/v2\/product_cat?post=510421"},{"taxonomy":"product_tag","embeddable":true,"href":"https:\/\/games.tactic.net\/da\/wp-json\/wp\/v2\/product_tag?post=510421"},{"taxonomy":"brand","embeddable":true,"href":"https:\/\/games.tactic.net\/da\/wp-json\/wp\/v2\/brand?post=510421"},{"taxonomy":"target-group","embeddable":true,"href":"https:\/\/games.tactic.net\/da\/wp-json\/wp\/v2\/target-group?post=510421"},{"taxonomy":"discontinued","embeddable":true,"href":"https:\/\/games.tactic.net\/da\/wp-json\/wp\/v2\/discontinued?post=510421"}],"curies":[{"name":"wp","href":"https:\/\/api.w.org\/{rel}","templated":true}]}}