{"id":510391,"date":"2022-03-15T14:36:01","date_gmt":"2022-03-15T12:36:01","guid":{"rendered":"http:\/\/games.tactic.net\/tuote\/touche-2\/"},"modified":"2023-10-25T15:05:51","modified_gmt":"2023-10-25T12:05:51","slug":"touche-2","status":"publish","type":"product","link":"https:\/\/games.tactic.net\/da\/tuote\/touche-2\/","title":{"rendered":"Tactic Touch\u00e9"},"content":{"rendered":"<p>Touch\u00e9 &#8211; en \u00e6gte br\u00e6tspilsklassiker. Spil kort fra din h\u00e5nd, s\u00e5 du erobrer spillebr\u00e6ttet med dine egne brikker. Dette klassiske spil kr\u00e6ver taktik og held, men der vil ikke mangle sp\u00e6nding. Kan du forudsige, hvad de andre vil g\u00f8re, og vil du v\u00e6re din families Touch\u00e9-mester?<\/p>\n<p><img decoding=\"async\" src=\"https:\\\\\\\\games.tactic.net\\\\pic\\\\logo\\\\Awarded_concept.png\"><\/p>\n","protected":false},"excerpt":{"rendered":"<p>Touch\u00e9 &#8211; en \u00e6gte br\u00e6tspilsklassiker. Spil kort fra din h\u00e5nd, s\u00e5 du erobrer spillebr\u00e6ttet med dine egne brikker. Dette klassiske spil kr\u00e6ver taktik og held, men der vil ikke mangle sp\u00e6nding. Kan du forudsige, hvad de andre vil g\u00f8re, og vil du v\u00e6re din families Touch\u00e9-mester?<\/p>\n","protected":false},"featured_media":0,"template":"","meta":{"content-type":"","_monsterinsights_skip_tracking":false,"_monsterinsights_sitenote_active":false,"_monsterinsights_sitenote_note":"","_monsterinsights_sitenote_category":0},"product_brand":[],"product_cat":[1455,1600],"product_tag":[1237],"brand":[],"target-group":[],"discontinued":[],"class_list":{"0":"post-510391","1":"product","2":"type-product","3":"status-publish","5":"product_cat-braetspil","6":"product_cat-strategiske-spil-voksenspil","7":"product_tag-strategi-da","9":"first","10":"instock","11":"taxable","12":"shipping-taxable","13":"product-type-simple"},"aioseo_notices":[],"_links":{"self":[{"href":"https:\/\/games.tactic.net\/da\/wp-json\/wp\/v2\/product\/510391","targetHints":{"allow":["GET"]}}],"collection":[{"href":"https:\/\/games.tactic.net\/da\/wp-json\/wp\/v2\/product"}],"about":[{"href":"https:\/\/games.tactic.net\/da\/wp-json\/wp\/v2\/types\/product"}],"wp:attachment":[{"href":"https:\/\/games.tactic.net\/da\/wp-json\/wp\/v2\/media?parent=510391"}],"wp:term":[{"taxonomy":"product_brand","embeddable":true,"href":"https:\/\/games.tactic.net\/da\/wp-json\/wp\/v2\/product_brand?post=510391"},{"taxonomy":"product_cat","embeddable":true,"href":"https:\/\/games.tactic.net\/da\/wp-json\/wp\/v2\/product_cat?post=510391"},{"taxonomy":"product_tag","embeddable":true,"href":"https:\/\/games.tactic.net\/da\/wp-json\/wp\/v2\/product_tag?post=510391"},{"taxonomy":"brand","embeddable":true,"href":"https:\/\/games.tactic.net\/da\/wp-json\/wp\/v2\/brand?post=510391"},{"taxonomy":"target-group","embeddable":true,"href":"https:\/\/games.tactic.net\/da\/wp-json\/wp\/v2\/target-group?post=510391"},{"taxonomy":"discontinued","embeddable":true,"href":"https:\/\/games.tactic.net\/da\/wp-json\/wp\/v2\/discontinued?post=510391"}],"curies":[{"name":"wp","href":"https:\/\/api.w.org\/{rel}","templated":true}]}}