{"id":506806,"date":"2022-03-08T16:14:38","date_gmt":"2022-03-08T14:14:38","guid":{"rendered":"http:\/\/games.tactic.net\/tuote\/crime-scene-lazio-1356\/"},"modified":"2023-10-25T14:28:11","modified_gmt":"2023-10-25T11:28:11","slug":"crime-scene-lazio-1356","status":"publish","type":"product","link":"https:\/\/games.tactic.net\/da\/tuote\/crime-scene-lazio-1356\/","title":{"rendered":"Gamestorm Crime Scene Lazio 1356"},"content":{"rendered":"<p>Dj\u00e6velen g\u00e5r i kloster I dette sp\u00e6ndende spil bliver spillerne en munk fra det 12. \u00e5rhundrede og fors\u00f8ger at finde ud af, hvilken m\u00e6rkelig magt, der spreder frygt i et kloster h\u00f8jt oppe i bjergene. Crime Scene er et helt nyt koncept, der kombinerer et detaljeret gerningsstedsbillede, fascinerende g\u00e5der og en krimi skrevet af forfatteren Arttu Tuominen.<\/p>\n","protected":false},"excerpt":{"rendered":"<p>Dj\u00e6velen g\u00e5r i kloster I dette sp\u00e6ndende spil bliver spillerne en munk fra det 12. \u00e5rhundrede og fors\u00f8ger at finde ud af, hvilken m\u00e6rkelig magt, der spreder frygt i et kloster h\u00f8jt oppe i bjergene. Crime Scene er et helt nyt koncept, der kombinerer et detaljeret gerningsstedsbillede, fascinerende g\u00e5der og en krimi skrevet af forfatteren [&hellip;]<\/p>\n","protected":false},"featured_media":0,"template":"","meta":{"content-type":"","_monsterinsights_skip_tracking":false,"_monsterinsights_sitenote_active":false,"_monsterinsights_sitenote_note":"","_monsterinsights_sitenote_category":0},"product_brand":[],"product_cat":[1632],"product_tag":[],"brand":[{"id":885,"name":"Gamestorm Studio","slug":"gamestormstudio-da"}],"target-group":[],"discontinued":[],"class_list":{"0":"post-506806","1":"product","2":"type-product","3":"status-publish","5":"product_cat-18-voksenspil","6":"brand-gamestormstudio-da","8":"first","9":"instock","10":"taxable","11":"shipping-taxable","12":"product-type-simple"},"aioseo_notices":[],"_links":{"self":[{"href":"https:\/\/games.tactic.net\/da\/wp-json\/wp\/v2\/product\/506806","targetHints":{"allow":["GET"]}}],"collection":[{"href":"https:\/\/games.tactic.net\/da\/wp-json\/wp\/v2\/product"}],"about":[{"href":"https:\/\/games.tactic.net\/da\/wp-json\/wp\/v2\/types\/product"}],"wp:attachment":[{"href":"https:\/\/games.tactic.net\/da\/wp-json\/wp\/v2\/media?parent=506806"}],"wp:term":[{"taxonomy":"product_brand","embeddable":true,"href":"https:\/\/games.tactic.net\/da\/wp-json\/wp\/v2\/product_brand?post=506806"},{"taxonomy":"product_cat","embeddable":true,"href":"https:\/\/games.tactic.net\/da\/wp-json\/wp\/v2\/product_cat?post=506806"},{"taxonomy":"product_tag","embeddable":true,"href":"https:\/\/games.tactic.net\/da\/wp-json\/wp\/v2\/product_tag?post=506806"},{"taxonomy":"brand","embeddable":true,"href":"https:\/\/games.tactic.net\/da\/wp-json\/wp\/v2\/brand?post=506806"},{"taxonomy":"target-group","embeddable":true,"href":"https:\/\/games.tactic.net\/da\/wp-json\/wp\/v2\/target-group?post=506806"},{"taxonomy":"discontinued","embeddable":true,"href":"https:\/\/games.tactic.net\/da\/wp-json\/wp\/v2\/discontinued?post=506806"}],"curies":[{"name":"wp","href":"https:\/\/api.w.org\/{rel}","templated":true}]}}