{"id":506547,"date":"2022-03-03T15:24:27","date_gmt":"2022-03-03T13:24:27","guid":{"rendered":"http:\/\/games.tactic.net\/tuote\/crime-scene-iss-excalibur-2049\/"},"modified":"2023-10-25T14:27:11","modified_gmt":"2023-10-25T11:27:11","slug":"crime-scene-iss-excalibur-2049","status":"publish","type":"product","link":"https:\/\/games.tactic.net\/da\/tuote\/crime-scene-iss-excalibur-2049\/","title":{"rendered":"Gamestorm Crime Scene ISS Excalibur 2049"},"content":{"rendered":"<p>Morderen sl\u00e5r til i rummet. Alle bes\u00e6tningsmedlemmer er mist\u00e6nkt, n\u00e5r et frygteligt drab finder sted p\u00e5 en rumstation i kredsl\u00f8b om Jorden. Hvem ville udf\u00f8re s\u00e5dan en forf\u00e6rdelig forbrydelse og hvorfor? Crime Scene er et helt nyt koncept, der kombinerer et detaljeret gerningsstedsbillede, fascinerende g\u00e5der og en krimi skrevet af forfatteren Arttu Tuominen.<\/p>\n","protected":false},"excerpt":{"rendered":"<p>Morderen sl\u00e5r til i rummet. Alle bes\u00e6tningsmedlemmer er mist\u00e6nkt, n\u00e5r et frygteligt drab finder sted p\u00e5 en rumstation i kredsl\u00f8b om Jorden. Hvem ville udf\u00f8re s\u00e5dan en forf\u00e6rdelig forbrydelse og hvorfor? Crime Scene er et helt nyt koncept, der kombinerer et detaljeret gerningsstedsbillede, fascinerende g\u00e5der og en krimi skrevet af forfatteren Arttu Tuominen.<\/p>\n","protected":false},"featured_media":0,"template":"","meta":{"content-type":"","_monsterinsights_skip_tracking":false,"_monsterinsights_sitenote_active":false,"_monsterinsights_sitenote_note":"","_monsterinsights_sitenote_category":0},"product_brand":[],"product_cat":[1632],"product_tag":[1266,994],"brand":[{"id":885,"name":"Gamestorm Studio","slug":"gamestormstudio-da"}],"target-group":[],"discontinued":[],"class_list":{"0":"post-506547","1":"product","2":"type-product","3":"status-publish","5":"product_cat-18-voksenspil","6":"product_tag-problemlosning-da","7":"product_tag-sammen","8":"brand-gamestormstudio-da","10":"first","11":"instock","12":"taxable","13":"shipping-taxable","14":"product-type-simple"},"aioseo_notices":[],"_links":{"self":[{"href":"https:\/\/games.tactic.net\/da\/wp-json\/wp\/v2\/product\/506547","targetHints":{"allow":["GET"]}}],"collection":[{"href":"https:\/\/games.tactic.net\/da\/wp-json\/wp\/v2\/product"}],"about":[{"href":"https:\/\/games.tactic.net\/da\/wp-json\/wp\/v2\/types\/product"}],"wp:attachment":[{"href":"https:\/\/games.tactic.net\/da\/wp-json\/wp\/v2\/media?parent=506547"}],"wp:term":[{"taxonomy":"product_brand","embeddable":true,"href":"https:\/\/games.tactic.net\/da\/wp-json\/wp\/v2\/product_brand?post=506547"},{"taxonomy":"product_cat","embeddable":true,"href":"https:\/\/games.tactic.net\/da\/wp-json\/wp\/v2\/product_cat?post=506547"},{"taxonomy":"product_tag","embeddable":true,"href":"https:\/\/games.tactic.net\/da\/wp-json\/wp\/v2\/product_tag?post=506547"},{"taxonomy":"brand","embeddable":true,"href":"https:\/\/games.tactic.net\/da\/wp-json\/wp\/v2\/brand?post=506547"},{"taxonomy":"target-group","embeddable":true,"href":"https:\/\/games.tactic.net\/da\/wp-json\/wp\/v2\/target-group?post=506547"},{"taxonomy":"discontinued","embeddable":true,"href":"https:\/\/games.tactic.net\/da\/wp-json\/wp\/v2\/discontinued?post=506547"}],"curies":[{"name":"wp","href":"https:\/\/api.w.org\/{rel}","templated":true}]}}