{"id":501308,"date":"2022-02-24T10:53:00","date_gmt":"2022-02-24T08:53:00","guid":{"rendered":"http:\/\/games.tactic.net\/tuote\/veggies-and-berries-cawliflower-kukka\/"},"modified":"2024-11-08T12:09:00","modified_gmt":"2024-11-08T10:09:00","slug":"veggies-and-berries-cawliflower-kukka","status":"archive","type":"product","link":"https:\/\/games.tactic.net\/da\/tuote\/veggies-and-berries-cawliflower-kukka\/","title":{"rendered":"Lumo Stars Veggies and Berries Cawliflower Kukka plush"},"content":{"rendered":"<p>Classic 15 cm. Samlbar baby dyr plys. Glad, huggable, venlig, rar og s\u00f8d. Vi smiler mere! S\u00f8d Northern Brights plys kollektion er baseret p\u00e5 den \u00e6gte nordiske natur og dyreliv. Finsk design. Jeg er en spiselig blomst, og det er derfor, jeg fik mit navn Kukka, det betyder en blomst. Jeg er legesyg og s\u00f8d, lad os have det godt sammen.<\/p>\n","protected":false},"excerpt":{"rendered":"<p>Classic 15 cm. Samlbar baby dyr plys. Glad, huggable, venlig, rar og s\u00f8d. Vi smiler mere! S\u00f8d Northern Brights plys kollektion er baseret p\u00e5 den \u00e6gte nordiske natur og dyreliv. Finsk design. Jeg er en spiselig blomst, og det er derfor, jeg fik mit navn Kukka, det betyder en blomst. Jeg er legesyg og s\u00f8d, [&hellip;]<\/p>\n","protected":false},"featured_media":0,"template":"","meta":{"content-type":"","_monsterinsights_skip_tracking":false,"_monsterinsights_sitenote_active":false,"_monsterinsights_sitenote_note":"","_monsterinsights_sitenote_category":0},"product_brand":[],"product_cat":[1645],"product_tag":[1262],"brand":[],"target-group":[],"discontinued":[],"class_list":{"0":"post-501308","1":"product","2":"type-product","3":"status-archive","5":"product_cat-veggies-and-berries-bamser-lumo-stars-6","6":"product_tag-lumo-stars-da","8":"first","9":"outofstock","10":"taxable","11":"shipping-taxable","12":"product-type-simple"},"aioseo_notices":[],"_links":{"self":[{"href":"https:\/\/games.tactic.net\/da\/wp-json\/wp\/v2\/product\/501308","targetHints":{"allow":["GET"]}}],"collection":[{"href":"https:\/\/games.tactic.net\/da\/wp-json\/wp\/v2\/product"}],"about":[{"href":"https:\/\/games.tactic.net\/da\/wp-json\/wp\/v2\/types\/product"}],"wp:attachment":[{"href":"https:\/\/games.tactic.net\/da\/wp-json\/wp\/v2\/media?parent=501308"}],"wp:term":[{"taxonomy":"product_brand","embeddable":true,"href":"https:\/\/games.tactic.net\/da\/wp-json\/wp\/v2\/product_brand?post=501308"},{"taxonomy":"product_cat","embeddable":true,"href":"https:\/\/games.tactic.net\/da\/wp-json\/wp\/v2\/product_cat?post=501308"},{"taxonomy":"product_tag","embeddable":true,"href":"https:\/\/games.tactic.net\/da\/wp-json\/wp\/v2\/product_tag?post=501308"},{"taxonomy":"brand","embeddable":true,"href":"https:\/\/games.tactic.net\/da\/wp-json\/wp\/v2\/brand?post=501308"},{"taxonomy":"target-group","embeddable":true,"href":"https:\/\/games.tactic.net\/da\/wp-json\/wp\/v2\/target-group?post=501308"},{"taxonomy":"discontinued","embeddable":true,"href":"https:\/\/games.tactic.net\/da\/wp-json\/wp\/v2\/discontinued?post=501308"}],"curies":[{"name":"wp","href":"https:\/\/api.w.org\/{rel}","templated":true}]}}