{"id":484498,"date":"2022-02-09T15:36:54","date_gmt":"2022-02-09T13:36:54","guid":{"rendered":"https:\/\/games.tactic.net\/tuote\/veggies-and-berries-morri\/"},"modified":"2024-08-12T12:34:04","modified_gmt":"2024-08-12T09:34:04","slug":"veggies-and-berries-morri","status":"archive","type":"product","link":"https:\/\/games.tactic.net\/da\/tuote\/veggies-and-berries-morri\/","title":{"rendered":"Lumo Stars Veggies and Berries M\u00f6rri plush"},"content":{"rendered":"<p>Classic 15 cm. Glade, nuttede, venlige, venlige og s\u00f8de bl\u00f8de leget\u00f8j. Saml alle og smil mere! Det s\u00f8de bl\u00f8de leget\u00f8j i Northern Brights kollektionen er baseret p\u00e5 modeller fra dyrelivet i den nordiske natur. \u00c6gte finsk design. Selvom jeg ikke er spiselig, kan jeg v\u00e6re en livslang ven, der kan lide at lave sjov og have det sjovt med dig.<\/p>\n","protected":false},"excerpt":{"rendered":"<p>Classic 15 cm. Glade, nuttede, venlige, venlige og s\u00f8de bl\u00f8de leget\u00f8j. Saml alle og smil mere! Det s\u00f8de bl\u00f8de leget\u00f8j i Northern Brights kollektionen er baseret p\u00e5 modeller fra dyrelivet i den nordiske natur. \u00c6gte finsk design. Selvom jeg ikke er spiselig, kan jeg v\u00e6re en livslang ven, der kan lide at lave sjov og [&hellip;]<\/p>\n","protected":false},"featured_media":0,"template":"","meta":{"content-type":"","_monsterinsights_skip_tracking":false,"_monsterinsights_sitenote_active":false,"_monsterinsights_sitenote_note":"","_monsterinsights_sitenote_category":0},"product_brand":[],"product_cat":[1645],"product_tag":[1262],"brand":[{"id":1020,"name":"Lumo Stars","slug":"lumo-stars_dk"}],"target-group":[],"discontinued":[],"class_list":{"0":"post-484498","1":"product","2":"type-product","3":"status-archive","5":"product_cat-veggies-and-berries-bamser-lumo-stars-6","6":"product_tag-lumo-stars-da","7":"brand-lumo-stars_dk","9":"first","10":"outofstock","11":"taxable","12":"shipping-taxable","13":"product-type-simple"},"aioseo_notices":[],"_links":{"self":[{"href":"https:\/\/games.tactic.net\/da\/wp-json\/wp\/v2\/product\/484498","targetHints":{"allow":["GET"]}}],"collection":[{"href":"https:\/\/games.tactic.net\/da\/wp-json\/wp\/v2\/product"}],"about":[{"href":"https:\/\/games.tactic.net\/da\/wp-json\/wp\/v2\/types\/product"}],"wp:attachment":[{"href":"https:\/\/games.tactic.net\/da\/wp-json\/wp\/v2\/media?parent=484498"}],"wp:term":[{"taxonomy":"product_brand","embeddable":true,"href":"https:\/\/games.tactic.net\/da\/wp-json\/wp\/v2\/product_brand?post=484498"},{"taxonomy":"product_cat","embeddable":true,"href":"https:\/\/games.tactic.net\/da\/wp-json\/wp\/v2\/product_cat?post=484498"},{"taxonomy":"product_tag","embeddable":true,"href":"https:\/\/games.tactic.net\/da\/wp-json\/wp\/v2\/product_tag?post=484498"},{"taxonomy":"brand","embeddable":true,"href":"https:\/\/games.tactic.net\/da\/wp-json\/wp\/v2\/brand?post=484498"},{"taxonomy":"target-group","embeddable":true,"href":"https:\/\/games.tactic.net\/da\/wp-json\/wp\/v2\/target-group?post=484498"},{"taxonomy":"discontinued","embeddable":true,"href":"https:\/\/games.tactic.net\/da\/wp-json\/wp\/v2\/discontinued?post=484498"}],"curies":[{"name":"wp","href":"https:\/\/api.w.org\/{rel}","templated":true}]}}