{"id":474414,"date":"2022-02-08T13:26:20","date_gmt":"2022-02-08T11:26:20","guid":{"rendered":"https:\/\/games.tactic.net\/tuote\/lumo-rooster-booster-classic\/"},"modified":"2023-10-20T15:06:33","modified_gmt":"2023-10-20T12:06:33","slug":"lumo-rooster-booster-classic","status":"publish","type":"product","link":"https:\/\/games.tactic.net\/da\/tuote\/lumo-rooster-booster-classic\/","title":{"rendered":"Lumo Stars Rooster Booster classic plush"},"content":{"rendered":"<p>Classic 15 cm. Samlbar baby dyr plys. Glad, huggable, venlig, rar og s\u00f8d. Vi smiler mere! S\u00f8d Northern Brights plys kollektion er baseret p\u00e5 den \u00e6gte nordiske natur og dyreliv. Finsk design. Kan du lide min galning? Jeg kan l\u00e6re dig at gale, hvis du vil?<\/p>\n","protected":false},"excerpt":{"rendered":"<p>Classic 15 cm. Samlbar baby dyr plys. Glad, huggable, venlig, rar og s\u00f8d. Vi smiler mere! S\u00f8d Northern Brights plys kollektion er baseret p\u00e5 den \u00e6gte nordiske natur og dyreliv. Finsk design. Kan du lide min galning? Jeg kan l\u00e6re dig at gale, hvis du vil?<\/p>\n","protected":false},"featured_media":0,"template":"","meta":{"content-type":"","_monsterinsights_skip_tracking":false,"_monsterinsights_sitenote_active":false,"_monsterinsights_sitenote_note":"","_monsterinsights_sitenote_category":0},"product_brand":[],"product_cat":[1640],"product_tag":[],"brand":[{"id":1020,"name":"Lumo Stars","slug":"lumo-stars_dk"}],"target-group":[],"discontinued":[],"class_list":{"0":"post-474414","1":"product","2":"type-product","3":"status-publish","5":"product_cat-classic-bamser-lumo-stars-6","6":"brand-lumo-stars_dk","8":"first","9":"instock","10":"taxable","11":"shipping-taxable","12":"product-type-simple"},"aioseo_notices":[],"_links":{"self":[{"href":"https:\/\/games.tactic.net\/da\/wp-json\/wp\/v2\/product\/474414","targetHints":{"allow":["GET"]}}],"collection":[{"href":"https:\/\/games.tactic.net\/da\/wp-json\/wp\/v2\/product"}],"about":[{"href":"https:\/\/games.tactic.net\/da\/wp-json\/wp\/v2\/types\/product"}],"wp:attachment":[{"href":"https:\/\/games.tactic.net\/da\/wp-json\/wp\/v2\/media?parent=474414"}],"wp:term":[{"taxonomy":"product_brand","embeddable":true,"href":"https:\/\/games.tactic.net\/da\/wp-json\/wp\/v2\/product_brand?post=474414"},{"taxonomy":"product_cat","embeddable":true,"href":"https:\/\/games.tactic.net\/da\/wp-json\/wp\/v2\/product_cat?post=474414"},{"taxonomy":"product_tag","embeddable":true,"href":"https:\/\/games.tactic.net\/da\/wp-json\/wp\/v2\/product_tag?post=474414"},{"taxonomy":"brand","embeddable":true,"href":"https:\/\/games.tactic.net\/da\/wp-json\/wp\/v2\/brand?post=474414"},{"taxonomy":"target-group","embeddable":true,"href":"https:\/\/games.tactic.net\/da\/wp-json\/wp\/v2\/target-group?post=474414"},{"taxonomy":"discontinued","embeddable":true,"href":"https:\/\/games.tactic.net\/da\/wp-json\/wp\/v2\/discontinued?post=474414"}],"curies":[{"name":"wp","href":"https:\/\/api.w.org\/{rel}","templated":true}]}}