{"id":422945,"date":"2022-02-02T16:16:14","date_gmt":"2022-02-02T14:16:14","guid":{"rendered":"https:\/\/games.tactic.net\/tuote\/lets-play-what-is-in-the-fridge\/"},"modified":"2025-12-03T15:02:04","modified_gmt":"2025-12-03T13:02:04","slug":"lets-play-what-is-in-the-fridge","status":"archive","type":"product","link":"https:\/\/games.tactic.net\/da\/tuote\/lets-play-what-is-in-the-fridge\/","title":{"rendered":"Tactic Lets Play What is in the Fridge"},"content":{"rendered":"<p>Kast terningerne og fors\u00f8g at besvare sp\u00f8rgsm\u00e5l om, hvad der er i k\u00f8leskabet! Var osten p\u00e5 den \u00f8verste hylde, og stak nogen bare majsen ind bagved p\u00e5 den mellemste hylde? Jo bedre du husker, jo hurtigere kan du slippe af med dine egne madvarer og vinde!<\/p>\n","protected":false},"excerpt":{"rendered":"<p>Kast terningerne og fors\u00f8g at besvare sp\u00f8rgsm\u00e5l om, hvad der er i k\u00f8leskabet!<\/p>\n","protected":false},"featured_media":0,"template":"","meta":{"content-type":"","_monsterinsights_skip_tracking":false,"_monsterinsights_sitenote_active":false,"_monsterinsights_sitenote_note":"","_monsterinsights_sitenote_category":0},"product_brand":[],"product_cat":[1584],"product_tag":[],"brand":[],"target-group":[],"discontinued":[],"class_list":{"0":"post-422945","1":"product","2":"type-product","3":"status-archive","5":"product_cat-rejsespil-bornespil","7":"first","8":"instock","9":"taxable","10":"shipping-taxable","11":"product-type-simple"},"aioseo_notices":[],"_links":{"self":[{"href":"https:\/\/games.tactic.net\/da\/wp-json\/wp\/v2\/product\/422945","targetHints":{"allow":["GET"]}}],"collection":[{"href":"https:\/\/games.tactic.net\/da\/wp-json\/wp\/v2\/product"}],"about":[{"href":"https:\/\/games.tactic.net\/da\/wp-json\/wp\/v2\/types\/product"}],"wp:attachment":[{"href":"https:\/\/games.tactic.net\/da\/wp-json\/wp\/v2\/media?parent=422945"}],"wp:term":[{"taxonomy":"product_brand","embeddable":true,"href":"https:\/\/games.tactic.net\/da\/wp-json\/wp\/v2\/product_brand?post=422945"},{"taxonomy":"product_cat","embeddable":true,"href":"https:\/\/games.tactic.net\/da\/wp-json\/wp\/v2\/product_cat?post=422945"},{"taxonomy":"product_tag","embeddable":true,"href":"https:\/\/games.tactic.net\/da\/wp-json\/wp\/v2\/product_tag?post=422945"},{"taxonomy":"brand","embeddable":true,"href":"https:\/\/games.tactic.net\/da\/wp-json\/wp\/v2\/brand?post=422945"},{"taxonomy":"target-group","embeddable":true,"href":"https:\/\/games.tactic.net\/da\/wp-json\/wp\/v2\/target-group?post=422945"},{"taxonomy":"discontinued","embeddable":true,"href":"https:\/\/games.tactic.net\/da\/wp-json\/wp\/v2\/discontinued?post=422945"}],"curies":[{"name":"wp","href":"https:\/\/api.w.org\/{rel}","templated":true}]}}