{"id":419564,"date":"2022-02-02T10:38:21","date_gmt":"2022-02-02T08:38:21","guid":{"rendered":"https:\/\/games.tactic.net\/tuote\/mumi-molkky\/"},"modified":"2022-02-02T10:38:21","modified_gmt":"2022-02-02T08:38:21","slug":"mumi-molkky","status":"archive","type":"product","link":"https:\/\/games.tactic.net\/da\/tuote\/mumi-molkky\/","title":{"rendered":"Mumi M\u00f6lkky"},"content":{"rendered":"<p><b><br \/>\nKast M\u00f6lkky pinden mod Hattifnatternes kegler og pr\u00f8v at v\u00e6lte s\u00e5 mange som muligt. Den f\u00f8rste spiller, som opn\u00e5r eksakt 50 point, er vinderen.<br \/>\n<\/b><\/p>\n<p>Reglerne er nemme at l\u00e6re, men der er mange overraskelser. Spildelene er fremstillet af solidt tr\u00e6, som g\u00f8r dem meget holdbare. Kan spilles b\u00e5de inden- og udend\u00f8rs.<\/p>\n","protected":false},"excerpt":{"rendered":"<p>Kast M\u00f6lkky pinden mod Hattifnatternes kegler og pr\u00f8v at v\u00e6lte s\u00e5 mange som muligt. Den f\u00f8rste spiller, som opn\u00e5r eksakt 50 point, er vinderen. <\/p>\n","protected":false},"featured_media":0,"template":"","meta":{"content-type":"","_monsterinsights_skip_tracking":false,"_monsterinsights_sitenote_active":false,"_monsterinsights_sitenote_note":"","_monsterinsights_sitenote_category":0},"product_brand":[],"product_cat":[1635],"product_tag":[],"brand":[],"target-group":[],"discontinued":[],"class_list":{"0":"post-419564","1":"product","2":"type-product","3":"status-archive","5":"product_cat-spil","7":"first","8":"outofstock","9":"taxable","10":"shipping-taxable","11":"product-type-simple"},"aioseo_notices":[],"_links":{"self":[{"href":"https:\/\/games.tactic.net\/da\/wp-json\/wp\/v2\/product\/419564","targetHints":{"allow":["GET"]}}],"collection":[{"href":"https:\/\/games.tactic.net\/da\/wp-json\/wp\/v2\/product"}],"about":[{"href":"https:\/\/games.tactic.net\/da\/wp-json\/wp\/v2\/types\/product"}],"wp:attachment":[{"href":"https:\/\/games.tactic.net\/da\/wp-json\/wp\/v2\/media?parent=419564"}],"wp:term":[{"taxonomy":"product_brand","embeddable":true,"href":"https:\/\/games.tactic.net\/da\/wp-json\/wp\/v2\/product_brand?post=419564"},{"taxonomy":"product_cat","embeddable":true,"href":"https:\/\/games.tactic.net\/da\/wp-json\/wp\/v2\/product_cat?post=419564"},{"taxonomy":"product_tag","embeddable":true,"href":"https:\/\/games.tactic.net\/da\/wp-json\/wp\/v2\/product_tag?post=419564"},{"taxonomy":"brand","embeddable":true,"href":"https:\/\/games.tactic.net\/da\/wp-json\/wp\/v2\/brand?post=419564"},{"taxonomy":"target-group","embeddable":true,"href":"https:\/\/games.tactic.net\/da\/wp-json\/wp\/v2\/target-group?post=419564"},{"taxonomy":"discontinued","embeddable":true,"href":"https:\/\/games.tactic.net\/da\/wp-json\/wp\/v2\/discontinued?post=419564"}],"curies":[{"name":"wp","href":"https:\/\/api.w.org\/{rel}","templated":true}]}}