{"id":419507,"date":"2022-02-02T10:38:07","date_gmt":"2022-02-02T08:38:07","guid":{"rendered":"https:\/\/games.tactic.net\/tuote\/molkky-i-kartonaeske\/"},"modified":"2022-02-02T10:38:07","modified_gmt":"2022-02-02T08:38:07","slug":"molkky-i-kartonaeske","status":"archive","type":"product","link":"https:\/\/games.tactic.net\/da\/tuote\/molkky-i-kartonaeske\/","title":{"rendered":"M\u00f6lkky i karton\u00e6ske"},"content":{"rendered":"<p>Mor dig udend\u00f8rs og f\u00e5 herlige stunder med vennerne, familien eller naboerne &#8211; uanset alder og styrke. Nu kan du f\u00e5 M\u00f6lkky i en mere kompakt version. L\u00e6g en i bilen, en i camperen nog en derhjemme &#8211; s\u00e5 er du altid klar til morosmt samv\u00e6r.<\/p>\n","protected":false},"excerpt":{"rendered":"<p>G\u00f8r dig klar til et spil M\u00f6lkky!<\/p>\n","protected":false},"featured_media":0,"template":"","meta":{"content-type":"","_monsterinsights_skip_tracking":false,"_monsterinsights_sitenote_active":false,"_monsterinsights_sitenote_note":"","_monsterinsights_sitenote_category":0},"product_brand":[],"product_cat":[1635],"product_tag":[],"brand":[],"target-group":[],"discontinued":[],"class_list":{"0":"post-419507","1":"product","2":"type-product","3":"status-archive","5":"product_cat-spil","7":"first","8":"outofstock","9":"taxable","10":"shipping-taxable","11":"product-type-simple"},"aioseo_notices":[],"_links":{"self":[{"href":"https:\/\/games.tactic.net\/da\/wp-json\/wp\/v2\/product\/419507","targetHints":{"allow":["GET"]}}],"collection":[{"href":"https:\/\/games.tactic.net\/da\/wp-json\/wp\/v2\/product"}],"about":[{"href":"https:\/\/games.tactic.net\/da\/wp-json\/wp\/v2\/types\/product"}],"wp:attachment":[{"href":"https:\/\/games.tactic.net\/da\/wp-json\/wp\/v2\/media?parent=419507"}],"wp:term":[{"taxonomy":"product_brand","embeddable":true,"href":"https:\/\/games.tactic.net\/da\/wp-json\/wp\/v2\/product_brand?post=419507"},{"taxonomy":"product_cat","embeddable":true,"href":"https:\/\/games.tactic.net\/da\/wp-json\/wp\/v2\/product_cat?post=419507"},{"taxonomy":"product_tag","embeddable":true,"href":"https:\/\/games.tactic.net\/da\/wp-json\/wp\/v2\/product_tag?post=419507"},{"taxonomy":"brand","embeddable":true,"href":"https:\/\/games.tactic.net\/da\/wp-json\/wp\/v2\/brand?post=419507"},{"taxonomy":"target-group","embeddable":true,"href":"https:\/\/games.tactic.net\/da\/wp-json\/wp\/v2\/target-group?post=419507"},{"taxonomy":"discontinued","embeddable":true,"href":"https:\/\/games.tactic.net\/da\/wp-json\/wp\/v2\/discontinued?post=419507"}],"curies":[{"name":"wp","href":"https:\/\/api.w.org\/{rel}","templated":true}]}}