{"id":417441,"date":"2022-02-02T08:54:15","date_gmt":"2022-02-02T06:54:15","guid":{"rendered":"https:\/\/games.tactic.net\/tuote\/molkky-mini\/"},"modified":"2024-04-12T09:12:26","modified_gmt":"2024-04-12T06:12:26","slug":"molkky-mini","status":"archive","type":"product","link":"https:\/\/games.tactic.net\/da\/tuote\/molkky-mini\/","title":{"rendered":"M\u00f6lkky Mini"},"content":{"rendered":"<p>MASSER AF UDEND\u00d8RS MORSKAB I EN MINDRE PAKKE Nu kan du f\u00e5 fat i det eftertragtede udend\u00f8rsspil, M\u00f6lkky i en mindre og mere handy pakke. Reglerne er nemme &#8211; den f\u00f8rste spiller, som opn\u00e5r 50 point ved at v\u00e6lte tr\u00e6kegler, er vinderen. Et klassisk udend\u00f8rsspil som b\u00e5de familie og venner f\u00e5r gl\u00e6de af.<\/p>\n","protected":false},"excerpt":{"rendered":"<p>MASSER AF UDEND\u00d8RS MORSKAB I EN MINDRE PAKKE Nu kan du f\u00e5 fat i det eftertragtede udend\u00f8rsspil, M\u00f6lkky i en mindre og mere handy pakke. Reglerne er nemme &#8211; den f\u00f8rste spiller, som opn\u00e5r 50 point ved at v\u00e6lte tr\u00e6kegler, er vinderen. Et klassisk udend\u00f8rsspil som b\u00e5de familie og venner f\u00e5r gl\u00e6de af.<\/p>\n","protected":false},"featured_media":0,"template":"","meta":{"content-type":"","_monsterinsights_skip_tracking":false,"_monsterinsights_sitenote_active":false,"_monsterinsights_sitenote_note":"","_monsterinsights_sitenote_category":0},"product_brand":[],"product_cat":[782],"product_tag":[1241,1250,895],"brand":[{"id":1864,"name":"M\u00f6lkky","slug":"molkky_dk"}],"target-group":[],"discontinued":[],"class_list":{"0":"post-417441","1":"product","2":"type-product","3":"status-archive","5":"product_cat-udendoers-spil","6":"product_tag-beregning-da","7":"product_tag-faerdighed-da","8":"product_tag-taktik","9":"brand-molkky_dk","11":"first","12":"outofstock","13":"taxable","14":"shipping-taxable","15":"product-type-simple"},"aioseo_notices":[],"_links":{"self":[{"href":"https:\/\/games.tactic.net\/da\/wp-json\/wp\/v2\/product\/417441","targetHints":{"allow":["GET"]}}],"collection":[{"href":"https:\/\/games.tactic.net\/da\/wp-json\/wp\/v2\/product"}],"about":[{"href":"https:\/\/games.tactic.net\/da\/wp-json\/wp\/v2\/types\/product"}],"wp:attachment":[{"href":"https:\/\/games.tactic.net\/da\/wp-json\/wp\/v2\/media?parent=417441"}],"wp:term":[{"taxonomy":"product_brand","embeddable":true,"href":"https:\/\/games.tactic.net\/da\/wp-json\/wp\/v2\/product_brand?post=417441"},{"taxonomy":"product_cat","embeddable":true,"href":"https:\/\/games.tactic.net\/da\/wp-json\/wp\/v2\/product_cat?post=417441"},{"taxonomy":"product_tag","embeddable":true,"href":"https:\/\/games.tactic.net\/da\/wp-json\/wp\/v2\/product_tag?post=417441"},{"taxonomy":"brand","embeddable":true,"href":"https:\/\/games.tactic.net\/da\/wp-json\/wp\/v2\/brand?post=417441"},{"taxonomy":"target-group","embeddable":true,"href":"https:\/\/games.tactic.net\/da\/wp-json\/wp\/v2\/target-group?post=417441"},{"taxonomy":"discontinued","embeddable":true,"href":"https:\/\/games.tactic.net\/da\/wp-json\/wp\/v2\/discontinued?post=417441"}],"curies":[{"name":"wp","href":"https:\/\/api.w.org\/{rel}","templated":true}]}}