{"id":415696,"date":"2022-02-01T13:30:08","date_gmt":"2022-02-01T11:30:08","guid":{"rendered":"https:\/\/games.tactic.net\/tuote\/lumo-ice-hockey-teemu-classic\/"},"modified":"2024-08-12T12:35:08","modified_gmt":"2024-08-12T09:35:08","slug":"lumo-ice-hockey-teemu-classic","status":"archive","type":"product","link":"https:\/\/games.tactic.net\/da\/tuote\/lumo-ice-hockey-teemu-classic\/","title":{"rendered":"Lumo Stars Ice Hockey Teemu classic plush"},"content":{"rendered":"<p>Klassisk 15 cm. Samlerbart babydyrplys. Glad, krammelig, venlig, venlig og s\u00f8d. Vi smiler mere! Cute Northern Brights plyskollektion er baseret p\u00e5 den \u00e6gte nordiske natur og dyreliv. Rent finsk design. Hver dag er en god dag for hockey.<\/p>\n","protected":false},"excerpt":{"rendered":"<p>Klassisk 15 cm. Samlerbart babydyrplys. Glad, krammelig, venlig, venlig og s\u00f8d. Vi smiler mere! Cute Northern Brights plyskollektion er baseret p\u00e5 den \u00e6gte nordiske natur og dyreliv. Rent finsk design. Hver dag er en god dag for hockey.<\/p>\n","protected":false},"featured_media":0,"template":"","meta":{"content-type":"","_monsterinsights_skip_tracking":false,"_monsterinsights_sitenote_active":false,"_monsterinsights_sitenote_note":"","_monsterinsights_sitenote_category":0},"product_brand":[],"product_cat":[1853],"product_tag":[],"brand":[{"id":1020,"name":"Lumo Stars","slug":"lumo-stars_dk"}],"target-group":[],"discontinued":[],"class_list":{"0":"post-415696","1":"product","2":"type-product","3":"status-archive","5":"product_cat-sport-bamser-lumo-stars-6","6":"brand-lumo-stars_dk","8":"first","9":"outofstock","10":"taxable","11":"shipping-taxable","12":"product-type-simple"},"aioseo_notices":[],"_links":{"self":[{"href":"https:\/\/games.tactic.net\/da\/wp-json\/wp\/v2\/product\/415696","targetHints":{"allow":["GET"]}}],"collection":[{"href":"https:\/\/games.tactic.net\/da\/wp-json\/wp\/v2\/product"}],"about":[{"href":"https:\/\/games.tactic.net\/da\/wp-json\/wp\/v2\/types\/product"}],"wp:attachment":[{"href":"https:\/\/games.tactic.net\/da\/wp-json\/wp\/v2\/media?parent=415696"}],"wp:term":[{"taxonomy":"product_brand","embeddable":true,"href":"https:\/\/games.tactic.net\/da\/wp-json\/wp\/v2\/product_brand?post=415696"},{"taxonomy":"product_cat","embeddable":true,"href":"https:\/\/games.tactic.net\/da\/wp-json\/wp\/v2\/product_cat?post=415696"},{"taxonomy":"product_tag","embeddable":true,"href":"https:\/\/games.tactic.net\/da\/wp-json\/wp\/v2\/product_tag?post=415696"},{"taxonomy":"brand","embeddable":true,"href":"https:\/\/games.tactic.net\/da\/wp-json\/wp\/v2\/brand?post=415696"},{"taxonomy":"target-group","embeddable":true,"href":"https:\/\/games.tactic.net\/da\/wp-json\/wp\/v2\/target-group?post=415696"},{"taxonomy":"discontinued","embeddable":true,"href":"https:\/\/games.tactic.net\/da\/wp-json\/wp\/v2\/discontinued?post=415696"}],"curies":[{"name":"wp","href":"https:\/\/api.w.org\/{rel}","templated":true}]}}