{"id":415031,"date":"2022-02-01T13:05:42","date_gmt":"2022-02-01T11:05:42","guid":{"rendered":"https:\/\/games.tactic.net\/tuote\/lumo-basketball-lauri-classic\/"},"modified":"2025-01-22T14:19:02","modified_gmt":"2025-01-22T12:19:02","slug":"lumo-basketball-lauri-classic","status":"archive","type":"product","link":"https:\/\/games.tactic.net\/da\/tuote\/lumo-basketball-lauri-classic\/","title":{"rendered":"Lumo Stars Basketball Lauri classic plush"},"content":{"rendered":"<p>Klassisk 15 cm. Samlerbart babydyrplys. Glad, krammelig, venlig, venlig og s\u00f8d. Vi smiler mere! Cute Northern Brights plyskollektion er baseret p\u00e5 den \u00e6gte nordiske natur og dyreliv. Rent finsk design. Hej, vil du skyde nogle b\u00f8jler med mig?<\/p>\n","protected":false},"excerpt":{"rendered":"<p>Klassisk 15 cm. Samlerbart babydyrplys. Glad, krammelig, venlig, venlig og s\u00f8d. Vi smiler mere! Cute Northern Brights plyskollektion er baseret p\u00e5 den \u00e6gte nordiske natur og dyreliv. Rent finsk design. Hej, vil du skyde nogle b\u00f8jler med mig?<\/p>\n","protected":false},"featured_media":0,"template":"","meta":{"content-type":"","_monsterinsights_skip_tracking":false,"_monsterinsights_sitenote_active":false,"_monsterinsights_sitenote_note":"","_monsterinsights_sitenote_category":0},"product_brand":[],"product_cat":[1853],"product_tag":[],"brand":[{"id":1020,"name":"Lumo Stars","slug":"lumo-stars_dk"}],"target-group":[],"discontinued":[],"class_list":{"0":"post-415031","1":"product","2":"type-product","3":"status-archive","5":"product_cat-sport-bamser-lumo-stars-6","6":"brand-lumo-stars_dk","8":"first","9":"outofstock","10":"taxable","11":"shipping-taxable","12":"product-type-simple"},"aioseo_notices":[],"_links":{"self":[{"href":"https:\/\/games.tactic.net\/da\/wp-json\/wp\/v2\/product\/415031","targetHints":{"allow":["GET"]}}],"collection":[{"href":"https:\/\/games.tactic.net\/da\/wp-json\/wp\/v2\/product"}],"about":[{"href":"https:\/\/games.tactic.net\/da\/wp-json\/wp\/v2\/types\/product"}],"wp:attachment":[{"href":"https:\/\/games.tactic.net\/da\/wp-json\/wp\/v2\/media?parent=415031"}],"wp:term":[{"taxonomy":"product_brand","embeddable":true,"href":"https:\/\/games.tactic.net\/da\/wp-json\/wp\/v2\/product_brand?post=415031"},{"taxonomy":"product_cat","embeddable":true,"href":"https:\/\/games.tactic.net\/da\/wp-json\/wp\/v2\/product_cat?post=415031"},{"taxonomy":"product_tag","embeddable":true,"href":"https:\/\/games.tactic.net\/da\/wp-json\/wp\/v2\/product_tag?post=415031"},{"taxonomy":"brand","embeddable":true,"href":"https:\/\/games.tactic.net\/da\/wp-json\/wp\/v2\/brand?post=415031"},{"taxonomy":"target-group","embeddable":true,"href":"https:\/\/games.tactic.net\/da\/wp-json\/wp\/v2\/target-group?post=415031"},{"taxonomy":"discontinued","embeddable":true,"href":"https:\/\/games.tactic.net\/da\/wp-json\/wp\/v2\/discontinued?post=415031"}],"curies":[{"name":"wp","href":"https:\/\/api.w.org\/{rel}","templated":true}]}}