{"id":411302,"date":"2022-01-31T15:41:05","date_gmt":"2022-01-31T13:41:05","guid":{"rendered":"https:\/\/games.tactic.net\/tuote\/jeep-wrangler-unlimited-rubicon-police-vehicle-with-policeman-and-accessories\/"},"modified":"2023-10-20T16:01:19","modified_gmt":"2023-10-20T13:01:19","slug":"jeep-wrangler-unlimited-rubicon-police-vehicle-with-policeman-and-accessories","status":"publish","type":"product","link":"https:\/\/games.tactic.net\/da\/tuote\/jeep-wrangler-unlimited-rubicon-police-vehicle-with-policeman-and-accessories\/","title":{"rendered":"Bruder Jeep Wrangler Rubicon Police vehicle with police officer and accessories toy"},"content":{"rendered":"<p>BRUDERs produktsortiment er meget omfattende. Talrige k\u00f8ret\u00f8jer til byggeri, beredskab, erhvervsk\u00f8ret\u00f8jer, fritid, landbrug og skovbrug er v\u00e6rdsat verden over takket v\u00e6re deres sp\u00e6ndende leget\u00f8jsverdener i en skala fra 1:16. Ligesom i det normale liv betyder en stigende m\u00e6ngde af BRUDER-k\u00f8ret\u00f8jstrafik, trafikovertr\u00e6delser er stigende. Af denne grund har bworld nu ogs\u00e5 en politistyrke til at h\u00e5ndh\u00e6ve lov og orden. Servicebilen er baseret p\u00e5 den velkendte Jeep Wrangler Unlimited, og den har det tiltalende og sl\u00e5ende farvedesign, der er typisk i USA, samt et havariblinkmodul monteret p\u00e5 taget. Jeep Wrangler Unlimited Rubicon er designet som et politik\u00f8ret\u00f8j, og det giver utallige funktioner, der muligg\u00f8r n\u00e6sten ubegr\u00e6nset sjov og leg. Ud over det todelte, aftagelige segmenttag \u00e5bnes motorhjelmen, bagd\u00f8ren og alle fire sided\u00f8re. Det siger sig selv, at k\u00f8ret\u00f8jet giver plads nok til fire BRUDER bworld-figurer. Alternativt kan bags\u00e6det fjernes for at skabe plads til tilbeh\u00f8r, der er kompatibelt med BRUDER standardstik i l\u00e6sseomr\u00e5det. Det ekstra tr\u00e6kled er beregnet til at lette styringen gennem taglugen, og hvis det ikke er n\u00f8dvendigt, kan det opbevares i k\u00f8ret\u00f8jets undervogn. Akslerne har typisk terr\u00e6ng\u00e5ende k\u00f8ret\u00f8jsoph\u00e6ng og slidbaned\u00e6k med hjul i tiltalende SUV-design. Frontgr\u00e6nsefladen, der er velegnet til emner, herunder det valgfrit tilg\u00e6ngelige kabelspil og den aftagelige tr\u00e6kstangskobling, betyder, at der er ubegr\u00e6nsede muligheder for forbedringer i BRUDERs verden. Politiudgaven af \u200b\u200bJeep-modellen har et nyudviklet lys- og lydmodul med fire funktionelle knapper (1. motorlyd, 2. politisirene, 3. brandv\u00e6senets sirene, 4. yep-signal). bworld politibetjenten er fuldt udstyret til at forst\u00e6rke autoriteten. Taljeb\u00e6ltet har vigtige redskaber til det daglige politiarbejde, s\u00e5som lommelygte, radioenhed og kniple.<\/p>\n","protected":false},"excerpt":{"rendered":"<p>Bruder<\/p>\n","protected":false},"featured_media":0,"template":"","meta":{"content-type":"","_monsterinsights_skip_tracking":false,"_monsterinsights_sitenote_active":false,"_monsterinsights_sitenote_note":"","_monsterinsights_sitenote_category":0},"product_brand":[],"product_cat":[1498],"product_tag":[],"brand":[],"target-group":[],"discontinued":[],"class_list":{"0":"post-411302","1":"product","2":"type-product","3":"status-publish","5":"product_cat-bruder-legetoej","7":"first","8":"instock","9":"taxable","10":"shipping-taxable","11":"product-type-simple"},"aioseo_notices":[],"_links":{"self":[{"href":"https:\/\/games.tactic.net\/da\/wp-json\/wp\/v2\/product\/411302","targetHints":{"allow":["GET"]}}],"collection":[{"href":"https:\/\/games.tactic.net\/da\/wp-json\/wp\/v2\/product"}],"about":[{"href":"https:\/\/games.tactic.net\/da\/wp-json\/wp\/v2\/types\/product"}],"wp:attachment":[{"href":"https:\/\/games.tactic.net\/da\/wp-json\/wp\/v2\/media?parent=411302"}],"wp:term":[{"taxonomy":"product_brand","embeddable":true,"href":"https:\/\/games.tactic.net\/da\/wp-json\/wp\/v2\/product_brand?post=411302"},{"taxonomy":"product_cat","embeddable":true,"href":"https:\/\/games.tactic.net\/da\/wp-json\/wp\/v2\/product_cat?post=411302"},{"taxonomy":"product_tag","embeddable":true,"href":"https:\/\/games.tactic.net\/da\/wp-json\/wp\/v2\/product_tag?post=411302"},{"taxonomy":"brand","embeddable":true,"href":"https:\/\/games.tactic.net\/da\/wp-json\/wp\/v2\/brand?post=411302"},{"taxonomy":"target-group","embeddable":true,"href":"https:\/\/games.tactic.net\/da\/wp-json\/wp\/v2\/target-group?post=411302"},{"taxonomy":"discontinued","embeddable":true,"href":"https:\/\/games.tactic.net\/da\/wp-json\/wp\/v2\/discontinued?post=411302"}],"curies":[{"name":"wp","href":"https:\/\/api.w.org\/{rel}","templated":true}]}}