{"id":350537,"date":"2022-01-21T14:19:44","date_gmt":"2022-01-21T12:19:44","guid":{"rendered":"https:\/\/games.tactic.net\/tuote\/story-game-lost-found\/"},"modified":"2023-06-30T12:43:27","modified_gmt":"2023-06-30T09:43:27","slug":"story-game-lost-found","status":"archive","type":"product","link":"https:\/\/games.tactic.net\/da\/tuote\/story-game-lost-found\/","title":{"rendered":"Story Game Lost  Found"},"content":{"rendered":"<p>Bev\u00e6g dig rundt i forlystelsesparken ved at dreje snurretoppen, og pr\u00f8v at udfylde dit opsamlingsbr\u00e6t med mistede ting! Et solstrejf lader dig g\u00e5, hvor som helst du vil, mens en overskyet himmel sender dig tilbage til dit startsted. Den f\u00f8rste spiller, der finder alle sine tre ting, vinder. <\/p>\n<ul>\n<li>Fremmer enkle beslutningsf\u00e6rdigheder og strategisk t\u00e6nkning. <\/li>\n<li>Snurretoppen f\u00f8jer sp\u00e6nding til spillet!\n<\/li>\n<li>Detektivtemaet g\u00f8r spillet sp\u00e6ndende og sjovt at spille!<\/li>\n<\/ul>\n","protected":false},"excerpt":{"rendered":"<div>Bev\u00e6g dig rundt i forlystelsesparken ved at dreje snurretoppen, og pr\u00f8v at udfylde dit opsamlingsbr\u00e6t med mistede ting! Et solstrejf lader dig g\u00e5, hvor som helst du vil, mens en overskyet himmel sender dig tilbage til dit startsted. Den f\u00f8rste spiller, der finder alle sine tre ting, vinder.<\/div>\n","protected":false},"featured_media":0,"template":"","meta":{"content-type":"","_monsterinsights_skip_tracking":false,"_monsterinsights_sitenote_active":false,"_monsterinsights_sitenote_note":"","_monsterinsights_sitenote_category":0},"product_brand":[],"product_cat":[1574],"product_tag":[],"brand":[],"target-group":[],"discontinued":[],"class_list":{"0":"post-350537","1":"product","2":"type-product","3":"status-archive","5":"product_cat-boerne-braetspil","7":"first","8":"outofstock","9":"taxable","10":"shipping-taxable","11":"product-type-simple"},"aioseo_notices":[],"_links":{"self":[{"href":"https:\/\/games.tactic.net\/da\/wp-json\/wp\/v2\/product\/350537","targetHints":{"allow":["GET"]}}],"collection":[{"href":"https:\/\/games.tactic.net\/da\/wp-json\/wp\/v2\/product"}],"about":[{"href":"https:\/\/games.tactic.net\/da\/wp-json\/wp\/v2\/types\/product"}],"wp:attachment":[{"href":"https:\/\/games.tactic.net\/da\/wp-json\/wp\/v2\/media?parent=350537"}],"wp:term":[{"taxonomy":"product_brand","embeddable":true,"href":"https:\/\/games.tactic.net\/da\/wp-json\/wp\/v2\/product_brand?post=350537"},{"taxonomy":"product_cat","embeddable":true,"href":"https:\/\/games.tactic.net\/da\/wp-json\/wp\/v2\/product_cat?post=350537"},{"taxonomy":"product_tag","embeddable":true,"href":"https:\/\/games.tactic.net\/da\/wp-json\/wp\/v2\/product_tag?post=350537"},{"taxonomy":"brand","embeddable":true,"href":"https:\/\/games.tactic.net\/da\/wp-json\/wp\/v2\/brand?post=350537"},{"taxonomy":"target-group","embeddable":true,"href":"https:\/\/games.tactic.net\/da\/wp-json\/wp\/v2\/target-group?post=350537"},{"taxonomy":"discontinued","embeddable":true,"href":"https:\/\/games.tactic.net\/da\/wp-json\/wp\/v2\/discontinued?post=350537"}],"curies":[{"name":"wp","href":"https:\/\/api.w.org\/{rel}","templated":true}]}}