{"id":350522,"date":"2022-01-21T14:19:26","date_gmt":"2022-01-21T12:19:26","guid":{"rendered":"https:\/\/games.tactic.net\/tuote\/story-game-journey-into-space\/"},"modified":"2023-06-30T12:43:50","modified_gmt":"2023-06-30T09:43:50","slug":"story-game-journey-into-space","status":"archive","type":"product","link":"https:\/\/games.tactic.net\/da\/tuote\/story-game-journey-into-space\/","title":{"rendered":"Story Game Journey into Space"},"content":{"rendered":"<p>Kast terningen, og kontroll\u00e9r tallet og farven p\u00e5 dit Astro-br\u00e6t. Pr\u00f8v at markere hvert rumskibs spor med planet-poletter og v\u00e6r den f\u00f8rste til at r\u00e5be \u201dFyr af\u201d. Denne moderne klassiker holder sp\u00e6ndingen ved lige helt til slutningen!<\/p>\n<ul>\n<li>Stort indhold med 6 forskellige Astrobr\u00e6tter og over 100 planet-poletter!\n<\/li>\n<li> Spillet er simpelt, men vanedannende.\n<\/li>\n<li>Fort\u00e6llingen bliver virkeligt levende i dette spil!<\/li>\n<\/ul>\n","protected":false},"excerpt":{"rendered":"<div>Kast terningen, og kontroll\u00e9r tallet og farven p\u00e5 dit Astro-br\u00e6t. Pr\u00f8v at markere hvert rumskibs spor med planet-poletter og v\u00e6r den f\u00f8rste til at r\u00e5be \u201dFyr af\u201d. Denne moderne klassiker holder sp\u00e6ndingen ved lige helt til slutningen!<\/div>\n","protected":false},"featured_media":0,"template":"","meta":{"content-type":"","_monsterinsights_skip_tracking":false,"_monsterinsights_sitenote_active":false,"_monsterinsights_sitenote_note":"","_monsterinsights_sitenote_category":0},"product_brand":[],"product_cat":[1574],"product_tag":[],"brand":[],"target-group":[],"discontinued":[],"class_list":{"0":"post-350522","1":"product","2":"type-product","3":"status-archive","5":"product_cat-boerne-braetspil","7":"first","8":"outofstock","9":"taxable","10":"shipping-taxable","11":"product-type-simple"},"aioseo_notices":[],"_links":{"self":[{"href":"https:\/\/games.tactic.net\/da\/wp-json\/wp\/v2\/product\/350522","targetHints":{"allow":["GET"]}}],"collection":[{"href":"https:\/\/games.tactic.net\/da\/wp-json\/wp\/v2\/product"}],"about":[{"href":"https:\/\/games.tactic.net\/da\/wp-json\/wp\/v2\/types\/product"}],"wp:attachment":[{"href":"https:\/\/games.tactic.net\/da\/wp-json\/wp\/v2\/media?parent=350522"}],"wp:term":[{"taxonomy":"product_brand","embeddable":true,"href":"https:\/\/games.tactic.net\/da\/wp-json\/wp\/v2\/product_brand?post=350522"},{"taxonomy":"product_cat","embeddable":true,"href":"https:\/\/games.tactic.net\/da\/wp-json\/wp\/v2\/product_cat?post=350522"},{"taxonomy":"product_tag","embeddable":true,"href":"https:\/\/games.tactic.net\/da\/wp-json\/wp\/v2\/product_tag?post=350522"},{"taxonomy":"brand","embeddable":true,"href":"https:\/\/games.tactic.net\/da\/wp-json\/wp\/v2\/brand?post=350522"},{"taxonomy":"target-group","embeddable":true,"href":"https:\/\/games.tactic.net\/da\/wp-json\/wp\/v2\/target-group?post=350522"},{"taxonomy":"discontinued","embeddable":true,"href":"https:\/\/games.tactic.net\/da\/wp-json\/wp\/v2\/discontinued?post=350522"}],"curies":[{"name":"wp","href":"https:\/\/api.w.org\/{rel}","templated":true}]}}