{"id":350507,"date":"2022-01-21T14:19:08","date_gmt":"2022-01-21T12:19:08","guid":{"rendered":"https:\/\/games.tactic.net\/tuote\/story-game-egyptian-expedition\/"},"modified":"2023-06-30T12:44:12","modified_gmt":"2023-06-30T09:44:12","slug":"story-game-egyptian-expedition","status":"archive","type":"product","link":"https:\/\/games.tactic.net\/da\/tuote\/story-game-egyptian-expedition\/","title":{"rendered":"Story Game Egyptian Expedition"},"content":{"rendered":"<p>N\u00e5r det er din tur, skal du pr\u00f8ve at spille en af dine trekantede brikker p\u00e5 bordet ved at kombinere en af siderne med en anden brik. Spilleren, som f\u00f8rst slipper af med alle sine brikker, vinder spillet. Velegnet til selv de yngste spillere!<\/p>\n<ul>\n<li> Et klassisk spil, der er blevet forvandlet til noget helt nyt!\n<\/li>\n<li>Leveres med store, holdbare trekantede brikker.\n<\/li>\n<li>En sjov visuel udfordring.<\/li>\n<\/ul>\n","protected":false},"excerpt":{"rendered":"<div>N\u00e5r det er din tur, skal du pr\u00f8ve at spille en af dine trekantede brikker p\u00e5 bordet ved at kombinere en af siderne med en anden brik. Spilleren, som f\u00f8rst slipper af med alle sine brikker, vinder spillet. Velegnet til selv de yngste spillere!<\/div>\n","protected":false},"featured_media":0,"template":"","meta":{"content-type":"","_monsterinsights_skip_tracking":false,"_monsterinsights_sitenote_active":false,"_monsterinsights_sitenote_note":"","_monsterinsights_sitenote_category":0},"product_brand":[],"product_cat":[1574],"product_tag":[],"brand":[],"target-group":[],"discontinued":[],"class_list":{"0":"post-350507","1":"product","2":"type-product","3":"status-archive","5":"product_cat-boerne-braetspil","7":"first","8":"outofstock","9":"taxable","10":"shipping-taxable","11":"product-type-simple"},"aioseo_notices":[],"_links":{"self":[{"href":"https:\/\/games.tactic.net\/da\/wp-json\/wp\/v2\/product\/350507","targetHints":{"allow":["GET"]}}],"collection":[{"href":"https:\/\/games.tactic.net\/da\/wp-json\/wp\/v2\/product"}],"about":[{"href":"https:\/\/games.tactic.net\/da\/wp-json\/wp\/v2\/types\/product"}],"wp:attachment":[{"href":"https:\/\/games.tactic.net\/da\/wp-json\/wp\/v2\/media?parent=350507"}],"wp:term":[{"taxonomy":"product_brand","embeddable":true,"href":"https:\/\/games.tactic.net\/da\/wp-json\/wp\/v2\/product_brand?post=350507"},{"taxonomy":"product_cat","embeddable":true,"href":"https:\/\/games.tactic.net\/da\/wp-json\/wp\/v2\/product_cat?post=350507"},{"taxonomy":"product_tag","embeddable":true,"href":"https:\/\/games.tactic.net\/da\/wp-json\/wp\/v2\/product_tag?post=350507"},{"taxonomy":"brand","embeddable":true,"href":"https:\/\/games.tactic.net\/da\/wp-json\/wp\/v2\/brand?post=350507"},{"taxonomy":"target-group","embeddable":true,"href":"https:\/\/games.tactic.net\/da\/wp-json\/wp\/v2\/target-group?post=350507"},{"taxonomy":"discontinued","embeddable":true,"href":"https:\/\/games.tactic.net\/da\/wp-json\/wp\/v2\/discontinued?post=350507"}],"curies":[{"name":"wp","href":"https:\/\/api.w.org\/{rel}","templated":true}]}}