{"id":350492,"date":"2022-01-21T14:18:51","date_gmt":"2022-01-21T12:18:51","guid":{"rendered":"https:\/\/games.tactic.net\/tuote\/story-game-ocean-explorer\/"},"modified":"2023-06-30T12:44:35","modified_gmt":"2023-06-30T09:44:35","slug":"story-game-ocean-explorer","status":"archive","type":"product","link":"https:\/\/games.tactic.net\/da\/tuote\/story-game-ocean-explorer\/","title":{"rendered":"Story Game Ocean Explorer"},"content":{"rendered":"<p>Rul den store tr\u00e6terning og vend en af brikkerne p\u00e5 bordet. Pr\u00f8v at finde de rigtige stykker til dit hav-puslespil, mens du holder \u00f8je med, hvad de andre spillere finder. Et spil, der er nemt at l\u00e6re for de yngste spillere!<\/p>\n<ul>\n<li>Fremmer koblingen af f\u00e6rdigheder og hukommelse.\n<\/li>\n<li>Leveres med en smuk, stor tr\u00e6terning!<\/li>\n<li>En perfekt kombination af held og hukommelse.<\/li>\n<\/ul>\n","protected":false},"excerpt":{"rendered":"<div>Rul den store tr\u00e6terning og vend en af brikkerne p\u00e5 bordet. Pr\u00f8v at finde de rigtige stykker til dit hav-puslespil, mens du holder \u00f8je med, hvad de andre spillere finder. Et spil, der er nemt at l\u00e6re for de yngste spillere!<\/div>\n","protected":false},"featured_media":0,"template":"","meta":{"content-type":"","_monsterinsights_skip_tracking":false,"_monsterinsights_sitenote_active":false,"_monsterinsights_sitenote_note":"","_monsterinsights_sitenote_category":0},"product_brand":[],"product_cat":[1574],"product_tag":[],"brand":[],"target-group":[],"discontinued":[],"class_list":{"0":"post-350492","1":"product","2":"type-product","3":"status-archive","5":"product_cat-boerne-braetspil","7":"first","8":"outofstock","9":"taxable","10":"shipping-taxable","11":"product-type-simple"},"aioseo_notices":[],"_links":{"self":[{"href":"https:\/\/games.tactic.net\/da\/wp-json\/wp\/v2\/product\/350492","targetHints":{"allow":["GET"]}}],"collection":[{"href":"https:\/\/games.tactic.net\/da\/wp-json\/wp\/v2\/product"}],"about":[{"href":"https:\/\/games.tactic.net\/da\/wp-json\/wp\/v2\/types\/product"}],"wp:attachment":[{"href":"https:\/\/games.tactic.net\/da\/wp-json\/wp\/v2\/media?parent=350492"}],"wp:term":[{"taxonomy":"product_brand","embeddable":true,"href":"https:\/\/games.tactic.net\/da\/wp-json\/wp\/v2\/product_brand?post=350492"},{"taxonomy":"product_cat","embeddable":true,"href":"https:\/\/games.tactic.net\/da\/wp-json\/wp\/v2\/product_cat?post=350492"},{"taxonomy":"product_tag","embeddable":true,"href":"https:\/\/games.tactic.net\/da\/wp-json\/wp\/v2\/product_tag?post=350492"},{"taxonomy":"brand","embeddable":true,"href":"https:\/\/games.tactic.net\/da\/wp-json\/wp\/v2\/brand?post=350492"},{"taxonomy":"target-group","embeddable":true,"href":"https:\/\/games.tactic.net\/da\/wp-json\/wp\/v2\/target-group?post=350492"},{"taxonomy":"discontinued","embeddable":true,"href":"https:\/\/games.tactic.net\/da\/wp-json\/wp\/v2\/discontinued?post=350492"}],"curies":[{"name":"wp","href":"https:\/\/api.w.org\/{rel}","templated":true}]}}