{"id":350252,"date":"2022-01-21T14:16:00","date_gmt":"2022-01-21T12:16:00","guid":{"rendered":"https:\/\/games.tactic.net\/tuote\/liga-en-dyst-om-sport-held-og-halstoerklaeder\/"},"modified":"2023-06-30T12:45:54","modified_gmt":"2023-06-30T09:45:54","slug":"liga-en-dyst-om-sport-held-og-halstoerklaeder","status":"archive","type":"product","link":"https:\/\/games.tactic.net\/da\/tuote\/liga-en-dyst-om-sport-held-og-halstoerklaeder\/","title":{"rendered":"LIGA &#8211; En dyst om sport, held og halst\u00f8rkl\u00e6der"},"content":{"rendered":"<div><\/div>\n<div>LIGA spillet et medrivende og underholdende br\u00e6tspil, hvor der i bedste LIGA stil dystes p\u00e5 paratviden om sport, sportsbegivenheder, sportspersonligheder.<\/div>\n<div><\/div>\n<div>LIGA spillet kan spilles af op til 6 spillere eller hold og indeholder 375 sp\u00f8rgsm\u00e5lskort med sports- og LIGA-relaterede sp\u00f8rgsm\u00e5l og udfordringer. Test dig selv og dine venner i paratviden i kategorierne:<\/div>\n<div>\u2022 Sporten Kort,<\/div>\n<div>\u2022 Sport <\/p>\n","protected":false},"excerpt":{"rendered":"<p class=\"MsoNormal\">Baseret p\u00e5 det popul\u00e6re P3 program<\/p>\n<p class=\"MsoNormal\">LIGA spillet er baseret p\u00e5 det popul\u00e6re sportsunderholdningsprogram, LIGA, som hver uge tr\u00e6kker mellem halvanden og 2 millioner danskere hen foran h\u00f8jttalerne til lige dele sportsnyt, resultater, reportager, g\u00e6ster, musik og quiz og konkurrencer.<\/p>\n","protected":false},"featured_media":0,"template":"","meta":{"content-type":"","_monsterinsights_skip_tracking":false,"_monsterinsights_sitenote_active":false,"_monsterinsights_sitenote_note":"","_monsterinsights_sitenote_category":0},"product_brand":[],"product_cat":[1588,1589],"product_tag":[],"brand":[],"target-group":[],"discontinued":[],"class_list":{"0":"post-350252","1":"product","2":"type-product","3":"status-archive","5":"product_cat-quiz-spil-voksenspil","6":"product_cat-quiz-spil-familiespil","8":"first","9":"outofstock","10":"taxable","11":"shipping-taxable","12":"product-type-simple"},"aioseo_notices":[],"_links":{"self":[{"href":"https:\/\/games.tactic.net\/da\/wp-json\/wp\/v2\/product\/350252","targetHints":{"allow":["GET"]}}],"collection":[{"href":"https:\/\/games.tactic.net\/da\/wp-json\/wp\/v2\/product"}],"about":[{"href":"https:\/\/games.tactic.net\/da\/wp-json\/wp\/v2\/types\/product"}],"wp:attachment":[{"href":"https:\/\/games.tactic.net\/da\/wp-json\/wp\/v2\/media?parent=350252"}],"wp:term":[{"taxonomy":"product_brand","embeddable":true,"href":"https:\/\/games.tactic.net\/da\/wp-json\/wp\/v2\/product_brand?post=350252"},{"taxonomy":"product_cat","embeddable":true,"href":"https:\/\/games.tactic.net\/da\/wp-json\/wp\/v2\/product_cat?post=350252"},{"taxonomy":"product_tag","embeddable":true,"href":"https:\/\/games.tactic.net\/da\/wp-json\/wp\/v2\/product_tag?post=350252"},{"taxonomy":"brand","embeddable":true,"href":"https:\/\/games.tactic.net\/da\/wp-json\/wp\/v2\/brand?post=350252"},{"taxonomy":"target-group","embeddable":true,"href":"https:\/\/games.tactic.net\/da\/wp-json\/wp\/v2\/target-group?post=350252"},{"taxonomy":"discontinued","embeddable":true,"href":"https:\/\/games.tactic.net\/da\/wp-json\/wp\/v2\/discontinued?post=350252"}],"curies":[{"name":"wp","href":"https:\/\/api.w.org\/{rel}","templated":true}]}}