{"id":349980,"date":"2022-01-21T14:11:05","date_gmt":"2022-01-21T12:11:05","guid":{"rendered":"https:\/\/games.tactic.net\/tuote\/machine-hall\/"},"modified":"2022-10-25T15:48:05","modified_gmt":"2022-10-25T12:48:05","slug":"machine-hall","status":"archive","type":"product","link":"https:\/\/games.tactic.net\/da\/tuote\/machine-hall\/","title":{"rendered":"Machine hall"},"content":{"rendered":"<p>Maskinhallen passer til alle k\u00f8ret\u00f8jer op til 24 cm&#8217;s h\u00f8jde: landbrugsmaskiner, anh\u00e6ngere og andre maskiner. Modulerne g\u00f8r det muligt at fjerne taget, s\u00e5 k\u00f8ret\u00f8jer og figurer kan flyttes rundt bag lukkede skyded\u00f8re.<\/p>\n","protected":false},"excerpt":{"rendered":"<p>Maskinhallen passer til alle k\u00f8ret\u00f8jer op til 24 cm&#8217;s h\u00f8jde: landbrugsmaskiner, anh\u00e6ngere og andre maskiner. Modulerne g\u00f8r det muligt at fjerne taget, s\u00e5 k\u00f8ret\u00f8jer og figurer kan flyttes rundt bag lukkede skyded\u00f8re.<\/p>\n","protected":false},"featured_media":0,"template":"","meta":{"content-type":"","_monsterinsights_skip_tracking":false,"_monsterinsights_sitenote_active":false,"_monsterinsights_sitenote_note":"","_monsterinsights_sitenote_category":0},"product_brand":[],"product_cat":[1498],"product_tag":[],"brand":[],"target-group":[],"discontinued":[],"class_list":{"0":"post-349980","1":"product","2":"type-product","3":"status-archive","5":"product_cat-bruder-legetoej","7":"first","8":"outofstock","9":"taxable","10":"shipping-taxable","11":"product-type-simple"},"aioseo_notices":[],"_links":{"self":[{"href":"https:\/\/games.tactic.net\/da\/wp-json\/wp\/v2\/product\/349980","targetHints":{"allow":["GET"]}}],"collection":[{"href":"https:\/\/games.tactic.net\/da\/wp-json\/wp\/v2\/product"}],"about":[{"href":"https:\/\/games.tactic.net\/da\/wp-json\/wp\/v2\/types\/product"}],"wp:attachment":[{"href":"https:\/\/games.tactic.net\/da\/wp-json\/wp\/v2\/media?parent=349980"}],"wp:term":[{"taxonomy":"product_brand","embeddable":true,"href":"https:\/\/games.tactic.net\/da\/wp-json\/wp\/v2\/product_brand?post=349980"},{"taxonomy":"product_cat","embeddable":true,"href":"https:\/\/games.tactic.net\/da\/wp-json\/wp\/v2\/product_cat?post=349980"},{"taxonomy":"product_tag","embeddable":true,"href":"https:\/\/games.tactic.net\/da\/wp-json\/wp\/v2\/product_tag?post=349980"},{"taxonomy":"brand","embeddable":true,"href":"https:\/\/games.tactic.net\/da\/wp-json\/wp\/v2\/brand?post=349980"},{"taxonomy":"target-group","embeddable":true,"href":"https:\/\/games.tactic.net\/da\/wp-json\/wp\/v2\/target-group?post=349980"},{"taxonomy":"discontinued","embeddable":true,"href":"https:\/\/games.tactic.net\/da\/wp-json\/wp\/v2\/discontinued?post=349980"}],"curies":[{"name":"wp","href":"https:\/\/api.w.org\/{rel}","templated":true}]}}