{"id":349864,"date":"2022-01-21T14:09:37","date_gmt":"2022-01-21T12:09:37","guid":{"rendered":"https:\/\/games.tactic.net\/tuote\/accessories-road-sweeper\/"},"modified":"2024-03-12T08:50:23","modified_gmt":"2024-03-12T06:50:23","slug":"accessories-road-sweeper","status":"archive","type":"product","link":"https:\/\/games.tactic.net\/da\/tuote\/accessories-road-sweeper\/","title":{"rendered":"Accessories: Road sweeper"},"content":{"rendered":"<p>Fejemaskinens runde b\u00f8rste roterer ved k\u00f8rsel og kan drejes eller klappes op. Den kan b\u00e5de bruges foran og bag p\u00e5 en traktor. Fejeb\u00f8rsten passer til alle traktorer i Profi serien og MB Unimog.<\/p>\n","protected":false},"excerpt":{"rendered":"<p>Fejemaskinens runde b\u00f8rste roterer ved k\u00f8rsel og kan drejes eller klappes op. Den kan b\u00e5de bruges foran og bag p\u00e5 en traktor. Fejeb\u00f8rsten passer til alle traktorer i Profi serien og MB Unimog.<\/p>\n","protected":false},"featured_media":0,"template":"","meta":{"content-type":"","_monsterinsights_skip_tracking":false,"_monsterinsights_sitenote_active":false,"_monsterinsights_sitenote_note":"","_monsterinsights_sitenote_category":0},"product_brand":[],"product_cat":[1498],"product_tag":[],"brand":[],"target-group":[],"discontinued":[],"class_list":{"0":"post-349864","1":"product","2":"type-product","3":"status-archive","5":"product_cat-bruder-legetoej","7":"first","8":"outofstock","9":"taxable","10":"shipping-taxable","11":"product-type-simple"},"aioseo_notices":[],"_links":{"self":[{"href":"https:\/\/games.tactic.net\/da\/wp-json\/wp\/v2\/product\/349864","targetHints":{"allow":["GET"]}}],"collection":[{"href":"https:\/\/games.tactic.net\/da\/wp-json\/wp\/v2\/product"}],"about":[{"href":"https:\/\/games.tactic.net\/da\/wp-json\/wp\/v2\/types\/product"}],"wp:attachment":[{"href":"https:\/\/games.tactic.net\/da\/wp-json\/wp\/v2\/media?parent=349864"}],"wp:term":[{"taxonomy":"product_brand","embeddable":true,"href":"https:\/\/games.tactic.net\/da\/wp-json\/wp\/v2\/product_brand?post=349864"},{"taxonomy":"product_cat","embeddable":true,"href":"https:\/\/games.tactic.net\/da\/wp-json\/wp\/v2\/product_cat?post=349864"},{"taxonomy":"product_tag","embeddable":true,"href":"https:\/\/games.tactic.net\/da\/wp-json\/wp\/v2\/product_tag?post=349864"},{"taxonomy":"brand","embeddable":true,"href":"https:\/\/games.tactic.net\/da\/wp-json\/wp\/v2\/brand?post=349864"},{"taxonomy":"target-group","embeddable":true,"href":"https:\/\/games.tactic.net\/da\/wp-json\/wp\/v2\/target-group?post=349864"},{"taxonomy":"discontinued","embeddable":true,"href":"https:\/\/games.tactic.net\/da\/wp-json\/wp\/v2\/discontinued?post=349864"}],"curies":[{"name":"wp","href":"https:\/\/api.w.org\/{rel}","templated":true}]}}